{"id":8030,"date":"2019-01-05T16:06:31","date_gmt":"2019-01-05T15:06:31","guid":{"rendered":"https:\/\/jgdesign.ch\/store\/?post_type=product&#038;p=8030"},"modified":"2019-01-05T16:11:46","modified_gmt":"2019-01-05T15:11:46","slug":"vogelhaeuschen","status":"publish","type":"product","link":"https:\/\/jgdesign.ch\/store\/produkt\/vogelhaeuschen\/","title":{"rendered":"Vogel-Futter-H\u00e4uschen"},"content":{"rendered":"<p>Ist der Apfel nicht mehr h\u00fcbsch genug zum essen, so haben unsere gefiederten Freunde sicher Freude daran, wenn er auf diesem h\u00fcbschen Vogelh\u00e4uschen an einem vor Katzen sicheren Ort h\u00e4ngt und sie sich bedienen d\u00fcrfen.<\/p>\n<p>Lasercut Vogel-Futter-H\u00e4uschen zusammensteckbar oder auch<br \/>\nauseinander nehmbar um durch den Sommer platzsparend in der Schublade zu verstauen.<\/p>\n<p>Die Plexiglasteile sind beidseitig mit einer Schutzfolie versehen.<\/p>\n<p>Reinigung mit einem Feuchten Lappen ohne scheuernde Reinigungsmittel.<br \/>\nNicht im Geschirrsp\u00fcler reinigen.<\/p>\n<div class=\"fcbkbttn_buttons_block\" id=\"fcbkbttn_left\"><div class=\"fcbkbttn_button\">\n                            <a href=\"https:\/\/www.facebook.com\/jgdesign.ch\" target=\"_blank\">\n                                <img decoding=\"async\" src=\"https:\/\/jgdesign.ch\/store\/wp-content\/plugins\/facebook-button-plugin\/images\/standard-facebook-ico.png\" alt=\"Fb-Button\" \/>\n                            <\/a>\n                        <\/div><div class=\"fcbkbttn_like \"><fb:like href=\"https:\/\/jgdesign.ch\/store\/produkt\/vogelhaeuschen\/\" action=\"like\" colorscheme=\"light\" layout=\"standard\"  width=\"450px\" size=\"small\"><\/fb:like><\/div><div class=\"fb-share-button  \" data-href=\"https:\/\/jgdesign.ch\/store\/produkt\/vogelhaeuschen\/\" data-type=\"button_count\" data-size=\"small\"><\/div><\/div>","protected":false},"excerpt":{"rendered":"<p>Ist der Apfel nicht mehr h\u00fcbsch genug zum essen, so haben unsere gefiederten Freunde sicher Freude daran, wenn er auf diesem h\u00fcbschen Vogelh\u00e4uschen an einem vor Katzen sicheren Ort h\u00e4ngt und sie sich bedienen d\u00fcrfen. Lasercut Vogel-Futter-H\u00e4uschen zusammensteckbar oder auch auseinander nehmbar um durch den Sommer platzsparend in der Schublade zu verstauen. Die Plexiglasteile sind [&hellip;]<\/p>\n","protected":false},"featured_media":8033,"comment_status":"open","ping_status":"closed","template":"","meta":[],"product_cat":[684],"product_tag":[781,784,775,778,889],"_links":{"self":[{"href":"https:\/\/jgdesign.ch\/store\/wp-json\/wp\/v2\/product\/8030"}],"collection":[{"href":"https:\/\/jgdesign.ch\/store\/wp-json\/wp\/v2\/product"}],"about":[{"href":"https:\/\/jgdesign.ch\/store\/wp-json\/wp\/v2\/types\/product"}],"replies":[{"embeddable":true,"href":"https:\/\/jgdesign.ch\/store\/wp-json\/wp\/v2\/comments?post=8030"}],"wp:featuredmedia":[{"embeddable":true,"href":"https:\/\/jgdesign.ch\/store\/wp-json\/wp\/v2\/media\/8033"}],"wp:attachment":[{"href":"https:\/\/jgdesign.ch\/store\/wp-json\/wp\/v2\/media?parent=8030"}],"wp:term":[{"taxonomy":"product_cat","embeddable":true,"href":"https:\/\/jgdesign.ch\/store\/wp-json\/wp\/v2\/product_cat?post=8030"},{"taxonomy":"product_tag","embeddable":true,"href":"https:\/\/jgdesign.ch\/store\/wp-json\/wp\/v2\/product_tag?post=8030"}],"curies":[{"name":"wp","href":"https:\/\/api.w.org\/{rel}","templated":true}]}}