{"id":7978,"date":"2018-12-18T22:29:51","date_gmt":"2018-12-18T21:29:51","guid":{"rendered":"https:\/\/jgdesign.ch\/store\/?post_type=product&#038;p=7978"},"modified":"2019-04-10T10:16:54","modified_gmt":"2019-04-10T09:16:54","slug":"snappapp-laser-labels","status":"publish","type":"product","link":"https:\/\/jgdesign.ch\/store\/produkt\/snappapp-laser-labels\/","title":{"rendered":"SnapPap Laser Labels"},"content":{"rendered":"<p>Labels aus SnapPap sind Ideal zum aufn\u00e4hen auf gen\u00e4htes, gestricktes oder geh\u00e4keltes.<br \/>\nL\u00e4sst sich aber auch genauso gut kleben auf Holz Papier oder Pappe.<\/p>\n<p>Die Gr\u00f6sse kann variieren, je nach Wunsch von 2&#215;5 cm oder Rund oder Quadratisch mit einem Durchmesser bis\u00a0 3.5cm cm.<br \/>\nBei gr\u00f6sseren Labels muss ev. der Preis angepasst werden.<\/p>\n<p>Achtung, wie immer im Netz, die Farben k\u00f6nnen durch die Einstellungen deines Monitors, oder auch durch die Belichtung beim Fotografieren leicht abweichen.<\/p>\n<div class=\"fcbkbttn_buttons_block\" id=\"fcbkbttn_left\"><div class=\"fcbkbttn_button\">\n                            <a href=\"https:\/\/www.facebook.com\/jgdesign.ch\" target=\"_blank\">\n                                <img decoding=\"async\" src=\"https:\/\/jgdesign.ch\/store\/wp-content\/plugins\/facebook-button-plugin\/images\/standard-facebook-ico.png\" alt=\"Fb-Button\" \/>\n                            <\/a>\n                        <\/div><div class=\"fcbkbttn_like \"><fb:like href=\"https:\/\/jgdesign.ch\/store\/produkt\/snappapp-laser-labels\/\" action=\"like\" colorscheme=\"light\" layout=\"standard\"  width=\"450px\" size=\"small\"><\/fb:like><\/div><div class=\"fb-share-button  \" data-href=\"https:\/\/jgdesign.ch\/store\/produkt\/snappapp-laser-labels\/\" data-type=\"button_count\" data-size=\"small\"><\/div><\/div>","protected":false},"excerpt":{"rendered":"<p>Bei Fragen kannst Du mich gerne per Mail, \u00fcber das Kontaktformular oder auch \u00fcber Facebook oder Instagram kontaktieren, damit wir diese vorab kl\u00e4ren k\u00f6nnen.<\/p>\n","protected":false},"featured_media":7989,"comment_status":"open","ping_status":"closed","template":"","meta":[],"product_cat":[884],"product_tag":[],"_links":{"self":[{"href":"https:\/\/jgdesign.ch\/store\/wp-json\/wp\/v2\/product\/7978"}],"collection":[{"href":"https:\/\/jgdesign.ch\/store\/wp-json\/wp\/v2\/product"}],"about":[{"href":"https:\/\/jgdesign.ch\/store\/wp-json\/wp\/v2\/types\/product"}],"replies":[{"embeddable":true,"href":"https:\/\/jgdesign.ch\/store\/wp-json\/wp\/v2\/comments?post=7978"}],"wp:featuredmedia":[{"embeddable":true,"href":"https:\/\/jgdesign.ch\/store\/wp-json\/wp\/v2\/media\/7989"}],"wp:attachment":[{"href":"https:\/\/jgdesign.ch\/store\/wp-json\/wp\/v2\/media?parent=7978"}],"wp:term":[{"taxonomy":"product_cat","embeddable":true,"href":"https:\/\/jgdesign.ch\/store\/wp-json\/wp\/v2\/product_cat?post=7978"},{"taxonomy":"product_tag","embeddable":true,"href":"https:\/\/jgdesign.ch\/store\/wp-json\/wp\/v2\/product_tag?post=7978"}],"curies":[{"name":"wp","href":"https:\/\/api.w.org\/{rel}","templated":true}]}}