{"id":7624,"date":"2017-05-30T11:45:23","date_gmt":"2017-05-30T10:45:23","guid":{"rendered":"https:\/\/jgdesign.ch\/store\/?post_type=product&#038;p=7624"},"modified":"2017-05-30T12:00:20","modified_gmt":"2017-05-30T11:00:20","slug":"fuerdichge","status":"publish","type":"product","link":"https:\/\/jgdesign.ch\/store\/produkt\/fuerdichge\/","title":{"rendered":"f\u00fcr dich ge &#8230;"},"content":{"rendered":"<p>Gummistempel auf Holz montiert<br \/>\nUnsere Lasergummistempel werden alle in unserem Hause gezeichnet, designt, erstellt und montiert.<br \/>\nDie H\u00f6lzer stammen aus einheimischen, wieder aufgeforsteten W\u00e4ldern und werden in einer sozialen ISO zertifizierten Einrichtung zugeschnitten.<\/p>\n<div class=\"fcbkbttn_buttons_block\" id=\"fcbkbttn_left\"><div class=\"fcbkbttn_button\">\n                            <a href=\"https:\/\/www.facebook.com\/jgdesign.ch\" target=\"_blank\">\n                                <img decoding=\"async\" src=\"https:\/\/jgdesign.ch\/store\/wp-content\/plugins\/facebook-button-plugin\/images\/standard-facebook-ico.png\" alt=\"Fb-Button\" \/>\n                            <\/a>\n                        <\/div><div class=\"fcbkbttn_like \"><fb:like href=\"https:\/\/jgdesign.ch\/store\/produkt\/fuerdichge\/\" action=\"like\" colorscheme=\"light\" layout=\"standard\"  width=\"450px\" size=\"small\"><\/fb:like><\/div><div class=\"fb-share-button  \" data-href=\"https:\/\/jgdesign.ch\/store\/produkt\/fuerdichge\/\" data-type=\"button_count\" data-size=\"small\"><\/div><\/div>","protected":false},"excerpt":{"rendered":"<p><strong>Bitte schreib uns in die Bemerkungen beim Bestellprozess, wenn Du gerne einen anderen\u00a0 Text bei diesem Stempel eingesetzt haben m\u00f6chtest.<\/strong><\/p>\n<p>Stempelgr\u00f6sse ca. 30x50mm. Auch andere Gr\u00f6ssen m\u00f6glich.<\/p>\n<p>Der Stempel ist auf einem Stempelklotz mit Griffmulde montiert.<\/p>\n","protected":false},"featured_media":7627,"comment_status":"open","ping_status":"closed","template":"","meta":[],"product_cat":[37,615,412,66,52],"product_tag":[85,84,88,87,86],"_links":{"self":[{"href":"https:\/\/jgdesign.ch\/store\/wp-json\/wp\/v2\/product\/7624"}],"collection":[{"href":"https:\/\/jgdesign.ch\/store\/wp-json\/wp\/v2\/product"}],"about":[{"href":"https:\/\/jgdesign.ch\/store\/wp-json\/wp\/v2\/types\/product"}],"replies":[{"embeddable":true,"href":"https:\/\/jgdesign.ch\/store\/wp-json\/wp\/v2\/comments?post=7624"}],"wp:featuredmedia":[{"embeddable":true,"href":"https:\/\/jgdesign.ch\/store\/wp-json\/wp\/v2\/media\/7627"}],"wp:attachment":[{"href":"https:\/\/jgdesign.ch\/store\/wp-json\/wp\/v2\/media?parent=7624"}],"wp:term":[{"taxonomy":"product_cat","embeddable":true,"href":"https:\/\/jgdesign.ch\/store\/wp-json\/wp\/v2\/product_cat?post=7624"},{"taxonomy":"product_tag","embeddable":true,"href":"https:\/\/jgdesign.ch\/store\/wp-json\/wp\/v2\/product_tag?post=7624"}],"curies":[{"name":"wp","href":"https:\/\/api.w.org\/{rel}","templated":true}]}}