{"id":7330,"date":"2017-03-07T15:44:44","date_gmt":"2017-03-07T14:44:44","guid":{"rendered":"https:\/\/jgdesign.ch\/store\/produkt\/minicoaster\/"},"modified":"2017-03-07T15:46:21","modified_gmt":"2017-03-07T14:46:21","slug":"minicoaster","status":"publish","type":"product","link":"https:\/\/jgdesign.ch\/store\/produkt\/minicoaster\/","title":{"rendered":"TCW-Template 6&#215;6 &#8211; Mini Coaster"},"content":{"rendered":"<p>Kunststoffschablone von The Crafters Workshop<br \/>\nMotiv Mini Coaster<br \/>\nca. 15,2 x 15,2 cm<\/p>\n<div class=\"fcbkbttn_buttons_block\" id=\"fcbkbttn_left\"><div class=\"fcbkbttn_button\">\n                            <a href=\"https:\/\/www.facebook.com\/jgdesign.ch\" target=\"_blank\">\n                                <img decoding=\"async\" src=\"https:\/\/jgdesign.ch\/store\/wp-content\/plugins\/facebook-button-plugin\/images\/standard-facebook-ico.png\" alt=\"Fb-Button\" \/>\n                            <\/a>\n                        <\/div><div class=\"fcbkbttn_like \"><fb:like href=\"https:\/\/jgdesign.ch\/store\/produkt\/minicoaster\/\" action=\"like\" colorscheme=\"light\" layout=\"standard\"  width=\"450px\" size=\"small\"><\/fb:like><\/div><div class=\"fb-share-button  \" data-href=\"https:\/\/jgdesign.ch\/store\/produkt\/minicoaster\/\" data-type=\"button_count\" data-size=\"small\"><\/div><\/div>","protected":false},"excerpt":{"rendered":"<p>Zum Gestalten von Hintergr\u00fcnden, indem Farbe dr\u00fcber gewischt oder gespr\u00fcht wird oder um mit Hilfe eines Spachtels Reliefpaste aufzutragen.<br \/>\nAuch geeignet zum Pr\u00e4gen von Papier in Stanz- u. Pr\u00e4gemaschinen wie Big Shot, Cuttlebug u.a.<\/p>\n","protected":false},"featured_media":7333,"comment_status":"open","ping_status":"closed","template":"","meta":[],"product_cat":[199,200],"product_tag":[],"_links":{"self":[{"href":"https:\/\/jgdesign.ch\/store\/wp-json\/wp\/v2\/product\/7330"}],"collection":[{"href":"https:\/\/jgdesign.ch\/store\/wp-json\/wp\/v2\/product"}],"about":[{"href":"https:\/\/jgdesign.ch\/store\/wp-json\/wp\/v2\/types\/product"}],"replies":[{"embeddable":true,"href":"https:\/\/jgdesign.ch\/store\/wp-json\/wp\/v2\/comments?post=7330"}],"wp:featuredmedia":[{"embeddable":true,"href":"https:\/\/jgdesign.ch\/store\/wp-json\/wp\/v2\/media\/7333"}],"wp:attachment":[{"href":"https:\/\/jgdesign.ch\/store\/wp-json\/wp\/v2\/media?parent=7330"}],"wp:term":[{"taxonomy":"product_cat","embeddable":true,"href":"https:\/\/jgdesign.ch\/store\/wp-json\/wp\/v2\/product_cat?post=7330"},{"taxonomy":"product_tag","embeddable":true,"href":"https:\/\/jgdesign.ch\/store\/wp-json\/wp\/v2\/product_tag?post=7330"}],"curies":[{"name":"wp","href":"https:\/\/api.w.org\/{rel}","templated":true}]}}