{"id":7315,"date":"2017-03-06T13:06:36","date_gmt":"2017-03-06T12:06:36","guid":{"rendered":"https:\/\/jgdesign.ch\/store\/produkt\/silhouette-softwareupgrade-designer-edition\/"},"modified":"2017-03-06T13:11:14","modified_gmt":"2017-03-06T12:11:14","slug":"silhouette-softwareupgrade-designer-edition","status":"publish","type":"product","link":"https:\/\/jgdesign.ch\/store\/produkt\/silhouette-softwareupgrade-designer-edition\/","title":{"rendered":"Silhouette Softwareupgrade Designer Edition"},"content":{"rendered":"<p>Karte mit Code um die Standartsoftware auf die Designer Edition up zu graden.<\/p>\n<p>Mit der Designer Edition hast Du zus\u00e4tzlich zu den bei der Standartedition verf\u00fcgbaren, noch zus\u00e4tzlichen Funktionen:<br \/>\nImport von *.svg Dateien<br \/>\nErstellen von Glitzersteinschablonen<br \/>\nSketchm\u00f6glichkeiten<br \/>\nVerbesserte Gummi und Messer-Eisntellungen.<br \/>\nDie M\u00f6glichkeit mit Ebenen zu arbeiten.<\/p>\n<p><a href=\"https:\/\/jgdesign.ch\/store\/wp-content\/uploads\/2017\/03\/DE-upgrade.jpg\"><img loading=\"lazy\" decoding=\"async\" class=\"alignnone size-medium wp-image-7318\" src=\"https:\/\/jgdesign.ch\/store\/wp-content\/uploads\/2017\/03\/DE-upgrade-300x300.jpg\" alt=\"\" width=\"300\" height=\"300\" srcset=\"https:\/\/jgdesign.ch\/store\/wp-content\/uploads\/2017\/03\/DE-upgrade-300x300.jpg 300w, https:\/\/jgdesign.ch\/store\/wp-content\/uploads\/2017\/03\/DE-upgrade-324x324.jpg 324w, https:\/\/jgdesign.ch\/store\/wp-content\/uploads\/2017\/03\/DE-upgrade-100x100.jpg 100w, https:\/\/jgdesign.ch\/store\/wp-content\/uploads\/2017\/03\/DE-upgrade-416x416.jpg 416w, https:\/\/jgdesign.ch\/store\/wp-content\/uploads\/2017\/03\/DE-upgrade-150x150.jpg 150w, https:\/\/jgdesign.ch\/store\/wp-content\/uploads\/2017\/03\/DE-upgrade-768x768.jpg 768w, https:\/\/jgdesign.ch\/store\/wp-content\/uploads\/2017\/03\/DE-upgrade-600x600.jpg 600w, https:\/\/jgdesign.ch\/store\/wp-content\/uploads\/2017\/03\/DE-upgrade.jpg 1000w\" sizes=\"(max-width: 300px) 100vw, 300px\" \/><\/a><\/p>\n<div class=\"fcbkbttn_buttons_block\" id=\"fcbkbttn_left\"><div class=\"fcbkbttn_button\">\n                            <a href=\"https:\/\/www.facebook.com\/jgdesign.ch\" target=\"_blank\">\n                                <img decoding=\"async\" src=\"https:\/\/jgdesign.ch\/store\/wp-content\/plugins\/facebook-button-plugin\/images\/standard-facebook-ico.png\" alt=\"Fb-Button\" \/>\n                            <\/a>\n                        <\/div><div class=\"fcbkbttn_like \"><fb:like href=\"https:\/\/jgdesign.ch\/store\/produkt\/silhouette-softwareupgrade-designer-edition\/\" action=\"like\" colorscheme=\"light\" layout=\"standard\"  width=\"450px\" size=\"small\"><\/fb:like><\/div><div class=\"fb-share-button  \" data-href=\"https:\/\/jgdesign.ch\/store\/produkt\/silhouette-softwareupgrade-designer-edition\/\" data-type=\"button_count\" data-size=\"small\"><\/div><\/div>","protected":false},"excerpt":{"rendered":"<p>&nbsp;<\/p>\n<p>&nbsp;<\/p>\n","protected":false},"featured_media":7318,"comment_status":"open","ping_status":"closed","template":"","meta":[],"product_cat":[627,700],"product_tag":[],"_links":{"self":[{"href":"https:\/\/jgdesign.ch\/store\/wp-json\/wp\/v2\/product\/7315"}],"collection":[{"href":"https:\/\/jgdesign.ch\/store\/wp-json\/wp\/v2\/product"}],"about":[{"href":"https:\/\/jgdesign.ch\/store\/wp-json\/wp\/v2\/types\/product"}],"replies":[{"embeddable":true,"href":"https:\/\/jgdesign.ch\/store\/wp-json\/wp\/v2\/comments?post=7315"}],"wp:featuredmedia":[{"embeddable":true,"href":"https:\/\/jgdesign.ch\/store\/wp-json\/wp\/v2\/media\/7318"}],"wp:attachment":[{"href":"https:\/\/jgdesign.ch\/store\/wp-json\/wp\/v2\/media?parent=7315"}],"wp:term":[{"taxonomy":"product_cat","embeddable":true,"href":"https:\/\/jgdesign.ch\/store\/wp-json\/wp\/v2\/product_cat?post=7315"},{"taxonomy":"product_tag","embeddable":true,"href":"https:\/\/jgdesign.ch\/store\/wp-json\/wp\/v2\/product_tag?post=7315"}],"curies":[{"name":"wp","href":"https:\/\/api.w.org\/{rel}","templated":true}]}}