{"id":6980,"date":"2016-12-16T11:38:29","date_gmt":"2016-12-16T10:38:29","guid":{"rendered":"https:\/\/jgdesign.ch\/store\/produkt\/in_rupperswil\/"},"modified":"2017-10-08T14:27:09","modified_gmt":"2017-10-08T13:27:09","slug":"in_rupperswil","status":"publish","type":"product","link":"https:\/\/jgdesign.ch\/store\/produkt\/in_rupperswil\/","title":{"rendered":"Plotterkurs (Grundkurs) in Rupperswil"},"content":{"rendered":"<p><strong>Workshop im Umgang mit dem Plotter <\/strong>(Silhouette Studio-Software)<\/p>\n<p>Der Kursinhalt richtet sich an AnwenderInnen des Silhouette Studio Programmes mit oder ohne upgrade auf die\u00a0Designer bzw. Business-Edition.<br \/>\nAnf\u00e4ngerinnen wie Fortgeschrittene sind herzlich Willkommen.<br \/>\n<b>Es handelt sich um einen Theoriekurs, wir befassen uns haupts\u00e4chlich mit der Software.<\/b><\/p>\n<p><!--more--><\/p>\n<div>\n<p><strong><a href=\"https:\/\/jgdesign.ch\/store\/wp-content\/uploads\/2016\/12\/termine17-01.png\"><img loading=\"lazy\" decoding=\"async\" class=\"alignnone size-medium wp-image-6983\" src=\"https:\/\/jgdesign.ch\/store\/wp-content\/uploads\/2016\/12\/termine17-01-212x300.png\" alt=\"\" width=\"212\" height=\"300\" srcset=\"https:\/\/jgdesign.ch\/store\/wp-content\/uploads\/2016\/12\/termine17-01-212x300.png 212w, https:\/\/jgdesign.ch\/store\/wp-content\/uploads\/2016\/12\/termine17-01-416x589.png 416w, https:\/\/jgdesign.ch\/store\/wp-content\/uploads\/2016\/12\/termine17-01.png 595w\" sizes=\"(max-width: 212px) 100vw, 212px\" \/><\/a><br \/>\nWorum geht es im Kurs?<\/strong><\/p>\n<ul>\n<li>die allgemeinen Einstellungen (Grundeinstellungen) und wie Du\u00a0das Programm nach deinen Bed\u00fcrfnissen einrichtest<\/li>\n<li>Werkzeuge (inkl praktischer\u00a0\u00dcbungen)<\/li>\n<li>Unterschied zwischen Verkn\u00fcpfung und Gruppierung<\/li>\n<li>Schriften einsetzen<\/li>\n<li>Motive nachzeichnen und\u00a0Bild- bzw. Punktebearbeitung<\/li>\n<li>Modifizieren, verschweissen, ausrichten<\/li>\n<\/ul>\n<\/div>\n<p><strong>Was musst du mitbringen?<\/strong><br \/>\nBitte bringe deinen eigenen Laptop, mit dem bereits installierten Silhouette Studio Programm V4, mit. die aktuellste Version findest Du <a href=\"https:\/\/www.silhouetteamerica.com\/software\">hier<\/a>.<br \/>\nWenn du keinen Laptop hast, nimm Kontakt mit uns auf.<\/p>\n<p><strong>Kursdauer:<br \/>\n<\/strong>Grundkurs:\u00a02.5 &#8211; 3h<\/p>\n<p><strong>Kursort:<br \/>\n<\/strong>Auweg 2 in 5102 Rupperswil<\/p>\n<p><strong>Kursleitung:<br \/>\n<\/strong>Gabriela Jordans, Plotterfrau.ch<br \/>\nSobald sich 3 Personen angemeldet haben bekommst Du eine mail mit der Best\u00e4tigung, dass der Kurs definitiv durchgef\u00fchrt wird.<br \/>\nDie Kurskosten sind bis sp\u00e4testens 10 Tage vor dem Kurs zu \u00fcberweisen.<br \/>\nDie Anmeldung ist verbindlich und muss auch bei nicht erscheinen bezahlt werden.<br \/>\nSolltest Du verhindert sein, gib uns so schnell wie m\u00f6glich Bescheid. Wenn wir den Platz anderweitig besetzen k\u00f6nnen, werden Dir die Kurskosten gutgeschrieben oder zur\u00fcckverg\u00fctet.<br \/>\nFalls der Kurs nicht durchgef\u00fchrt werden kann und kein geeigneter Ersatztermin gefunden wird, werden die Kurskosten zur\u00fcckverg\u00fctet.<\/p>\n<div class=\"fcbkbttn_buttons_block\" id=\"fcbkbttn_left\"><div class=\"fcbkbttn_button\">\n                            <a href=\"https:\/\/www.facebook.com\/jgdesign.ch\" target=\"_blank\">\n                                <img decoding=\"async\" src=\"https:\/\/jgdesign.ch\/store\/wp-content\/plugins\/facebook-button-plugin\/images\/standard-facebook-ico.png\" alt=\"Fb-Button\" \/>\n                            <\/a>\n                        <\/div><div class=\"fcbkbttn_like \"><fb:like href=\"https:\/\/jgdesign.ch\/store\/produkt\/in_rupperswil\/\" action=\"like\" colorscheme=\"light\" layout=\"standard\"  width=\"450px\" size=\"small\"><\/fb:like><\/div><div class=\"fb-share-button  \" data-href=\"https:\/\/jgdesign.ch\/store\/produkt\/in_rupperswil\/\" data-type=\"button_count\" data-size=\"small\"><\/div><\/div>","protected":false},"excerpt":{"rendered":"<p>Workshop im Umgang mit dem Plotter (Silhouette Studio-Software) Der Kursinhalt richtet sich an AnwenderInnen des Silhouette Studio Programmes mit oder ohne upgrade auf die\u00a0Designer bzw. Business-Edition. Anf\u00e4ngerinnen wie Fortgeschrittene sind herzlich Willkommen. Es handelt sich um einen Theoriekurs, wir befassen uns haupts\u00e4chlich mit der Software.<\/p>\n","protected":false},"featured_media":7403,"comment_status":"open","ping_status":"closed","template":"","meta":[],"product_cat":[627,716],"product_tag":[],"_links":{"self":[{"href":"https:\/\/jgdesign.ch\/store\/wp-json\/wp\/v2\/product\/6980"}],"collection":[{"href":"https:\/\/jgdesign.ch\/store\/wp-json\/wp\/v2\/product"}],"about":[{"href":"https:\/\/jgdesign.ch\/store\/wp-json\/wp\/v2\/types\/product"}],"replies":[{"embeddable":true,"href":"https:\/\/jgdesign.ch\/store\/wp-json\/wp\/v2\/comments?post=6980"}],"wp:featuredmedia":[{"embeddable":true,"href":"https:\/\/jgdesign.ch\/store\/wp-json\/wp\/v2\/media\/7403"}],"wp:attachment":[{"href":"https:\/\/jgdesign.ch\/store\/wp-json\/wp\/v2\/media?parent=6980"}],"wp:term":[{"taxonomy":"product_cat","embeddable":true,"href":"https:\/\/jgdesign.ch\/store\/wp-json\/wp\/v2\/product_cat?post=6980"},{"taxonomy":"product_tag","embeddable":true,"href":"https:\/\/jgdesign.ch\/store\/wp-json\/wp\/v2\/product_tag?post=6980"}],"curies":[{"name":"wp","href":"https:\/\/api.w.org\/{rel}","templated":true}]}}