{"id":6694,"date":"2016-08-29T13:12:07","date_gmt":"2016-08-29T12:12:07","guid":{"rendered":"https:\/\/jgdesign.ch\/store\/?post_type=product&#038;p=6694"},"modified":"2017-04-08T12:03:03","modified_gmt":"2017-04-08T11:03:03","slug":"silhouette-cameo-cutting-strip","status":"publish","type":"product","link":"https:\/\/jgdesign.ch\/store\/produkt\/silhouette-cameo-cutting-strip\/","title":{"rendered":"Silhouette Cameo Cutting Strip"},"content":{"rendered":"<p>Ersatzschneideleiste zum selber auswechseln am Cameo<\/p>\n<p>Kann auch f\u00fcr den Portrait zugeschnitten werden.<\/p>\n<div class=\"fcbkbttn_buttons_block\" id=\"fcbkbttn_left\"><div class=\"fcbkbttn_button\">\n                            <a href=\"https:\/\/www.facebook.com\/jgdesign.ch\" target=\"_blank\">\n                                <img decoding=\"async\" src=\"https:\/\/jgdesign.ch\/store\/wp-content\/plugins\/facebook-button-plugin\/images\/standard-facebook-ico.png\" alt=\"Fb-Button\" \/>\n                            <\/a>\n                        <\/div><div class=\"fcbkbttn_like \"><fb:like href=\"https:\/\/jgdesign.ch\/store\/produkt\/silhouette-cameo-cutting-strip\/\" action=\"like\" colorscheme=\"light\" layout=\"standard\"  width=\"450px\" size=\"small\"><\/fb:like><\/div><div class=\"fb-share-button  \" data-href=\"https:\/\/jgdesign.ch\/store\/produkt\/silhouette-cameo-cutting-strip\/\" data-type=\"button_count\" data-size=\"small\"><\/div><\/div>","protected":false},"excerpt":{"rendered":"<p>Vor dem Aufkleben der neuen Schneideleiste muss die alte inkl. s\u00e4mtlicher Kleber\u00fcckst\u00e4nde entfernt werden.<\/p>\n","protected":false},"featured_media":7309,"comment_status":"open","ping_status":"closed","template":"","meta":[],"product_cat":[627,700],"product_tag":[635,766,734,769,632],"_links":{"self":[{"href":"https:\/\/jgdesign.ch\/store\/wp-json\/wp\/v2\/product\/6694"}],"collection":[{"href":"https:\/\/jgdesign.ch\/store\/wp-json\/wp\/v2\/product"}],"about":[{"href":"https:\/\/jgdesign.ch\/store\/wp-json\/wp\/v2\/types\/product"}],"replies":[{"embeddable":true,"href":"https:\/\/jgdesign.ch\/store\/wp-json\/wp\/v2\/comments?post=6694"}],"wp:featuredmedia":[{"embeddable":true,"href":"https:\/\/jgdesign.ch\/store\/wp-json\/wp\/v2\/media\/7309"}],"wp:attachment":[{"href":"https:\/\/jgdesign.ch\/store\/wp-json\/wp\/v2\/media?parent=6694"}],"wp:term":[{"taxonomy":"product_cat","embeddable":true,"href":"https:\/\/jgdesign.ch\/store\/wp-json\/wp\/v2\/product_cat?post=6694"},{"taxonomy":"product_tag","embeddable":true,"href":"https:\/\/jgdesign.ch\/store\/wp-json\/wp\/v2\/product_tag?post=6694"}],"curies":[{"name":"wp","href":"https:\/\/api.w.org\/{rel}","templated":true}]}}