{"id":6600,"date":"2016-06-28T12:49:44","date_gmt":"2016-06-28T11:49:44","guid":{"rendered":"https:\/\/jgdesign.ch\/store\/?post_type=product&#038;p=6600"},"modified":"2016-06-28T12:51:59","modified_gmt":"2016-06-28T11:51:59","slug":"geschenkgutschein","status":"publish","type":"product","link":"https:\/\/jgdesign.ch\/store\/produkt\/geschenkgutschein\/","title":{"rendered":"Geschenkgutschein"},"content":{"rendered":"<p>Du m\u00f6chtest jemandem eine Freude machen und ihn\/sie den\/die Stempel selber aussuchen lassen?<br \/>\nAuch das kannst Du sehr gerne machen \ud83d\ude42 W\u00e4hle den entsprechenden Wert und wir senden Dir einen Geschenkgutschein den Du dann pers\u00f6nlich \u00fcberreichen kannst.<br \/>\nOder schreibe uns welchen Text wir in die Karte schreiben sollen und die Adresse wo der Gutschein hin geschickt werden soll.<\/p>\n<div class=\"fcbkbttn_buttons_block\" id=\"fcbkbttn_left\"><div class=\"fcbkbttn_button\">\n                            <a href=\"https:\/\/www.facebook.com\/jgdesign.ch\" target=\"_blank\">\n                                <img decoding=\"async\" src=\"https:\/\/jgdesign.ch\/store\/wp-content\/plugins\/facebook-button-plugin\/images\/standard-facebook-ico.png\" alt=\"Fb-Button\" \/>\n                            <\/a>\n                        <\/div><div class=\"fcbkbttn_like \"><fb:like href=\"https:\/\/jgdesign.ch\/store\/produkt\/geschenkgutschein\/\" action=\"like\" colorscheme=\"light\" layout=\"standard\"  width=\"450px\" size=\"small\"><\/fb:like><\/div><div class=\"fb-share-button  \" data-href=\"https:\/\/jgdesign.ch\/store\/produkt\/geschenkgutschein\/\" data-type=\"button_count\" data-size=\"small\"><\/div><\/div>","protected":false},"excerpt":{"rendered":"<p>Du m\u00f6chtest jemandem eine Freude machen und ihn\/sie den\/die Stempel selber aussuchen lassen? Auch das kannst Du sehr gerne machen \ud83d\ude42 W\u00e4hle den entsprechenden Wert und wir senden Dir einen Geschenkgutschein den Du dann pers\u00f6nlich \u00fcberreichen kannst. Oder schreibe uns welchen Text wir in die Karte schreiben sollen und die Adresse wo der Gutschein hin [&hellip;]<\/p>\n","protected":false},"featured_media":0,"comment_status":"open","ping_status":"closed","template":"","meta":[],"product_cat":[37,52,199,195],"product_tag":[],"_links":{"self":[{"href":"https:\/\/jgdesign.ch\/store\/wp-json\/wp\/v2\/product\/6600"}],"collection":[{"href":"https:\/\/jgdesign.ch\/store\/wp-json\/wp\/v2\/product"}],"about":[{"href":"https:\/\/jgdesign.ch\/store\/wp-json\/wp\/v2\/types\/product"}],"replies":[{"embeddable":true,"href":"https:\/\/jgdesign.ch\/store\/wp-json\/wp\/v2\/comments?post=6600"}],"wp:attachment":[{"href":"https:\/\/jgdesign.ch\/store\/wp-json\/wp\/v2\/media?parent=6600"}],"wp:term":[{"taxonomy":"product_cat","embeddable":true,"href":"https:\/\/jgdesign.ch\/store\/wp-json\/wp\/v2\/product_cat?post=6600"},{"taxonomy":"product_tag","embeddable":true,"href":"https:\/\/jgdesign.ch\/store\/wp-json\/wp\/v2\/product_tag?post=6600"}],"curies":[{"name":"wp","href":"https:\/\/api.w.org\/{rel}","templated":true}]}}