{"id":6467,"date":"2016-05-03T15:54:07","date_gmt":"2016-05-03T14:54:07","guid":{"rendered":"https:\/\/jgdesign.ch\/store\/?post_type=product&#038;p=6467"},"modified":"2016-05-03T21:40:28","modified_gmt":"2016-05-03T20:40:28","slug":"fuse-werkzeug-zum-schutzhuellen-verschweissen","status":"publish","type":"product","link":"https:\/\/jgdesign.ch\/store\/produkt\/fuse-werkzeug-zum-schutzhuellen-verschweissen\/","title":{"rendered":"FUSE Werkzeug zum Schutzh\u00fcllen verschweissen"},"content":{"rendered":"<p>Fuse Tool<\/p>\n<p>ist ein Versiegelungsger\u00e4t mit welchem man in\u00a0Schutzh\u00fcllen individuelle Taschen f\u00fcr Fotos oder Karten\u00a0&#8220;schweissen kann&#8221;<\/p>\n<p>Mit Eurostecker<br \/>\nMetalllineal (ca. 18cm lang)<br \/>\n2 unterschiedlichen Aufs\u00e4tzen (gerade und perforiert)<\/p>\n<p>Auw\u00e4rmzeit ca. 10min.<br \/>\nDas Tool kann mit dem Lineal oder freihand genutzt werden.<\/p>\n<p>Achtung! Nur auf Hitzebest\u00e4ndiger Unterlage verwenden.<br \/>\nGer\u00e4t wird heiss! Nicht f\u00fcr Kinder unter 12 Jahren geeignet!<\/p>\n<div class=\"fcbkbttn_buttons_block\" id=\"fcbkbttn_left\"><div class=\"fcbkbttn_button\">\n                            <a href=\"https:\/\/www.facebook.com\/jgdesign.ch\" target=\"_blank\">\n                                <img decoding=\"async\" src=\"https:\/\/jgdesign.ch\/store\/wp-content\/plugins\/facebook-button-plugin\/images\/standard-facebook-ico.png\" alt=\"Fb-Button\" \/>\n                            <\/a>\n                        <\/div><div class=\"fcbkbttn_like \"><fb:like href=\"https:\/\/jgdesign.ch\/store\/produkt\/fuse-werkzeug-zum-schutzhuellen-verschweissen\/\" action=\"like\" colorscheme=\"light\" layout=\"standard\"  width=\"450px\" size=\"small\"><\/fb:like><\/div><div class=\"fb-share-button  \" data-href=\"https:\/\/jgdesign.ch\/store\/produkt\/fuse-werkzeug-zum-schutzhuellen-verschweissen\/\" data-type=\"button_count\" data-size=\"small\"><\/div><\/div>","protected":false},"excerpt":{"rendered":"<p>Fuse Tool ist ein Versiegelungsger\u00e4t mit welchem man in\u00a0Schutzh\u00fcllen individuelle Taschen f\u00fcr Fotos oder Karten\u00a0&#8220;schweissen kann&#8221; Mit Eurostecker Metalllineal (ca. 18cm lang) 2 unterschiedlichen Aufs\u00e4tzen (gerade und perforiert) Auw\u00e4rmzeit ca. 10min. Das Tool kann mit dem Lineal oder freihand genutzt werden. Achtung! Nur auf Hitzebest\u00e4ndiger Unterlage verwenden. Ger\u00e4t wird heiss! Nicht f\u00fcr Kinder unter 12 [&hellip;]<\/p>\n","protected":false},"featured_media":6470,"comment_status":"open","ping_status":"closed","template":"","meta":[],"product_cat":[199,671],"product_tag":[],"_links":{"self":[{"href":"https:\/\/jgdesign.ch\/store\/wp-json\/wp\/v2\/product\/6467"}],"collection":[{"href":"https:\/\/jgdesign.ch\/store\/wp-json\/wp\/v2\/product"}],"about":[{"href":"https:\/\/jgdesign.ch\/store\/wp-json\/wp\/v2\/types\/product"}],"replies":[{"embeddable":true,"href":"https:\/\/jgdesign.ch\/store\/wp-json\/wp\/v2\/comments?post=6467"}],"wp:featuredmedia":[{"embeddable":true,"href":"https:\/\/jgdesign.ch\/store\/wp-json\/wp\/v2\/media\/6470"}],"wp:attachment":[{"href":"https:\/\/jgdesign.ch\/store\/wp-json\/wp\/v2\/media?parent=6467"}],"wp:term":[{"taxonomy":"product_cat","embeddable":true,"href":"https:\/\/jgdesign.ch\/store\/wp-json\/wp\/v2\/product_cat?post=6467"},{"taxonomy":"product_tag","embeddable":true,"href":"https:\/\/jgdesign.ch\/store\/wp-json\/wp\/v2\/product_tag?post=6467"}],"curies":[{"name":"wp","href":"https:\/\/api.w.org\/{rel}","templated":true}]}}