{"id":613,"date":"2015-05-13T10:14:31","date_gmt":"2015-05-13T09:14:31","guid":{"rendered":"https:\/\/jgdesign.ch\/store\/?product=tcw-template-6x6-halftone-borders"},"modified":"2018-12-23T06:27:45","modified_gmt":"2018-12-23T05:27:45","slug":"tcw-template-6x6-halftone-borders","status":"publish","type":"product","link":"https:\/\/jgdesign.ch\/store\/produkt\/tcw-template-6x6-halftone-borders\/","title":{"rendered":"TCW-Template 6&#215;6 &#8211; Halftone Borders"},"content":{"rendered":"<p>Kunststoffschablone von The Crafters Workshop<br \/>\nMotiv Halftone Borders<br \/>\nca. 15,2 x 15,2 cm<\/p>\n<div class=\"fcbkbttn_buttons_block\" id=\"fcbkbttn_left\"><div class=\"fcbkbttn_button\">\n                            <a href=\"https:\/\/www.facebook.com\/jgdesign.ch\" target=\"_blank\">\n                                <img decoding=\"async\" src=\"https:\/\/jgdesign.ch\/store\/wp-content\/plugins\/facebook-button-plugin\/images\/standard-facebook-ico.png\" alt=\"Fb-Button\" \/>\n                            <\/a>\n                        <\/div><div class=\"fcbkbttn_like \"><fb:like href=\"https:\/\/jgdesign.ch\/store\/produkt\/tcw-template-6x6-halftone-borders\/\" action=\"like\" colorscheme=\"light\" layout=\"standard\"  width=\"450px\" size=\"small\"><\/fb:like><\/div><div class=\"fb-share-button  \" data-href=\"https:\/\/jgdesign.ch\/store\/produkt\/tcw-template-6x6-halftone-borders\/\" data-type=\"button_count\" data-size=\"small\"><\/div><\/div>","protected":false},"excerpt":{"rendered":"<p>Zum Gestalten von Hintergr\u00fcnden, indem Farbe dr\u00fcber gewischt oder gespr\u00fcht wird oder um mit Hilfe eines Spachtels Reliefpaste aufzutragen.<br \/>\nAuch geeignet zum Pr\u00e4gen von Papier in Stanz- u. Pr\u00e4gemaschinen wie Big Shot, Cuttlebug u.a.<\/p>\n","protected":false},"featured_media":605,"comment_status":"open","ping_status":"closed","template":"","meta":[],"product_cat":[199,200],"product_tag":[],"_links":{"self":[{"href":"https:\/\/jgdesign.ch\/store\/wp-json\/wp\/v2\/product\/613"}],"collection":[{"href":"https:\/\/jgdesign.ch\/store\/wp-json\/wp\/v2\/product"}],"about":[{"href":"https:\/\/jgdesign.ch\/store\/wp-json\/wp\/v2\/types\/product"}],"replies":[{"embeddable":true,"href":"https:\/\/jgdesign.ch\/store\/wp-json\/wp\/v2\/comments?post=613"}],"wp:featuredmedia":[{"embeddable":true,"href":"https:\/\/jgdesign.ch\/store\/wp-json\/wp\/v2\/media\/605"}],"wp:attachment":[{"href":"https:\/\/jgdesign.ch\/store\/wp-json\/wp\/v2\/media?parent=613"}],"wp:term":[{"taxonomy":"product_cat","embeddable":true,"href":"https:\/\/jgdesign.ch\/store\/wp-json\/wp\/v2\/product_cat?post=613"},{"taxonomy":"product_tag","embeddable":true,"href":"https:\/\/jgdesign.ch\/store\/wp-json\/wp\/v2\/product_tag?post=613"}],"curies":[{"name":"wp","href":"https:\/\/api.w.org\/{rel}","templated":true}]}}