{"id":5900,"date":"2016-03-12T14:46:59","date_gmt":"2016-03-12T13:46:59","guid":{"rendered":"https:\/\/jgdesign.ch\/store\/produkt\/krone-richten-plotterdatei\/"},"modified":"2017-10-08T12:13:27","modified_gmt":"2017-10-08T11:13:27","slug":"krone-richten-plotterdatei","status":"publish","type":"product","link":"https:\/\/jgdesign.ch\/store\/produkt\/krone-richten-plotterdatei\/","title":{"rendered":"Krone richten (Plotterdatei)"},"content":{"rendered":"<p>&#8220;Plotterdatei Krone richten&#8221;<\/p>\n<p class=\"product--description\">Format: *.svf, *.dxf, *.png \u00a0Es gelten folgende Lizenzbestimmungen.<\/p>\n<div class=\"product--description\">\n<ul>\n<li>Die Datei steht nach der Freischaltung sofort zum Download in Ihrem <a title=\"Kundenkonto\" href=\"http:\/\/www.jasando.ch\/account\">Kundenkonto<\/a>\u00a0=&gt; Meine Sofortdownloads bereit.<\/li>\n<li>Die Datei kann bis zu 5 mal runter geladen werden<br \/>\nDie Datei darf nicht an dritte weiter gegeben werden<\/li>\n<li>Achtung: Hier erwirbst Du nur eine digitale Datei f\u00fcr einen Plotter \u2013 KEINE fertig geplotteten Motive.<\/li>\n<li><strong>Bitte erstelle\u00a0bei der Bestellung ein Kundenkonto, auch wenn Du mit PayPal bezahlst. Ohne Kundenkonto, kannst Du dich sonst nicht anmelden und runter laden!<br \/>\n(Bei Problemen mit dem Download nimm Bitte \u00fcber das Kontaktformular mit uns Kontakt auf!)<br \/>\n<\/strong><\/li>\n<\/ul>\n<\/div>\n<p style=\"margin: 0rem 0rem 1.25rem; color: #4b4a4d; line-height: 1.5rem; font-family: 'Open Sans', 'Helvetica Neue', Helvetica, Arial, 'Lucida Grande', sans-serif; font-size: 14px; box-sizing: border-box;\" align=\"LEFT\"><strong>Allgemeine Lizenzbedingungen Plotterdateien<\/strong><\/p>\n<p style=\"margin: 0rem 0rem 1.25rem; color: #4b4a4d; line-height: 1.5rem; font-family: 'Open Sans', 'Helvetica Neue', Helvetica, Arial, 'Lucida Grande', sans-serif; font-size: 14px; box-sizing: border-box;\">Das Urheberrecht der Dateien liegt ausschliesslich bei Gabriela Jordans, JGdesign GmbH<\/p>\n<ul style=\"margin: 0rem 1rem 1rem; padding: 0px; color: #4b4a4d; line-height: normal; font-family: 'Open Sans', 'Helvetica Neue', Helvetica, Arial, 'Lucida Grande', sans-serif; font-size: 14px; box-sizing: border-box;\">\n<li>Mit dem Kauf der Plotterdatei\/-serie darf das Motiv in der gew\u00e4hlten Lizenz verwendet werden (privat ODER gewerblich).<\/li>\n<li>Die digitalen Daten d\u00fcrfen nicht ver\u00e4ndert, vervielf\u00e4ltigt, kopiert, weitergegeben oder getauscht werden.<\/li>\n<li>Daten d\u00fcrfen ausschliesslich f\u00fcr das schneiden des Motivs mit einem Schneidplotter verwendet werden. Jede andere Nutzung ist ohne vorherige R\u00fccksprache untersagt!<\/li>\n<li>R\u00fcckgabe und Umtausch sind bei digitalen Dateien nicht m\u00f6glich<\/li>\n<li>Es ist nicht erlaubt, geplottete Motive weiter zu geben. (Kleber, Wandtatoos, B\u00fcgelbilder etc.)<\/li>\n<li>Die Ver\u00f6ffentlichung der, aus der Datei entstandenen Werke,\u00a0in den sozialen Medien wie Facebook, instagram, twitter etc. \u00a0ist erlaubt, wenn ein Kopierschutz vorhanden ist, welcher es verunm\u00f6glicht das Motiv nachzuzeichnen.<\/li>\n<\/ul>\n<p style=\"margin: 0rem 0rem 1.25rem; color: #4b4a4d; line-height: 1.5rem; font-family: 'Open Sans', 'Helvetica Neue', Helvetica, Arial, 'Lucida Grande', sans-serif; font-size: 14px; box-sizing: border-box;\" align=\"LEFT\">\n<div class=\"fcbkbttn_buttons_block\" id=\"fcbkbttn_left\"><div class=\"fcbkbttn_button\">\n                            <a href=\"https:\/\/www.facebook.com\/jgdesign.ch\" target=\"_blank\">\n                                <img decoding=\"async\" src=\"https:\/\/jgdesign.ch\/store\/wp-content\/plugins\/facebook-button-plugin\/images\/standard-facebook-ico.png\" alt=\"Fb-Button\" \/>\n                            <\/a>\n                        <\/div><div class=\"fcbkbttn_like \"><fb:like href=\"https:\/\/jgdesign.ch\/store\/produkt\/krone-richten-plotterdatei\/\" action=\"like\" colorscheme=\"light\" layout=\"standard\"  width=\"450px\" size=\"small\"><\/fb:like><\/div><div class=\"fb-share-button  \" data-href=\"https:\/\/jgdesign.ch\/store\/produkt\/krone-richten-plotterdatei\/\" data-type=\"button_count\" data-size=\"small\"><\/div><\/div>","protected":false},"excerpt":{"rendered":"<p>&#8220;Plotterdatei Krone richten&#8221; Format: *.svf, *.dxf, *.png \u00a0Es gelten folgende Lizenzbestimmungen. Die Datei steht nach der Freischaltung sofort zum Download in Ihrem Kundenkonto\u00a0=&gt; Meine Sofortdownloads bereit. Die Datei kann bis zu 5 mal runter geladen werden Die Datei darf nicht an dritte weiter gegeben werden Achtung: Hier erwirbst Du nur eine digitale Datei f\u00fcr einen [&hellip;]<\/p>\n","protected":false},"featured_media":5903,"comment_status":"open","ping_status":"closed","template":"","meta":[],"product_cat":[509],"product_tag":[635,629,136,632],"_links":{"self":[{"href":"https:\/\/jgdesign.ch\/store\/wp-json\/wp\/v2\/product\/5900"}],"collection":[{"href":"https:\/\/jgdesign.ch\/store\/wp-json\/wp\/v2\/product"}],"about":[{"href":"https:\/\/jgdesign.ch\/store\/wp-json\/wp\/v2\/types\/product"}],"replies":[{"embeddable":true,"href":"https:\/\/jgdesign.ch\/store\/wp-json\/wp\/v2\/comments?post=5900"}],"wp:featuredmedia":[{"embeddable":true,"href":"https:\/\/jgdesign.ch\/store\/wp-json\/wp\/v2\/media\/5903"}],"wp:attachment":[{"href":"https:\/\/jgdesign.ch\/store\/wp-json\/wp\/v2\/media?parent=5900"}],"wp:term":[{"taxonomy":"product_cat","embeddable":true,"href":"https:\/\/jgdesign.ch\/store\/wp-json\/wp\/v2\/product_cat?post=5900"},{"taxonomy":"product_tag","embeddable":true,"href":"https:\/\/jgdesign.ch\/store\/wp-json\/wp\/v2\/product_tag?post=5900"}],"curies":[{"name":"wp","href":"https:\/\/api.w.org\/{rel}","templated":true}]}}