{"id":590,"date":"2015-05-12T21:46:20","date_gmt":"2015-05-12T20:46:20","guid":{"rendered":"https:\/\/jgdesign.ch\/store\/?product=archival-stempelkissen-jet-black"},"modified":"2019-09-25T19:23:53","modified_gmt":"2019-09-25T18:23:53","slug":"archival-stempelkissen-jet-black","status":"publish","type":"product","link":"https:\/\/jgdesign.ch\/store\/produkt\/archival-stempelkissen-jet-black\/","title":{"rendered":"Archival Stempelkissen"},"content":{"rendered":"<p>Das Archival Ink Stempelkissen eignet sich vor allem f\u00fcr Stempelabdr\u00fccke mit feinen Linien und f\u00fcr glatte Oberfl\u00e4chen. Ideal auch zum coloriert der Stempelabdr\u00fccke, da die Stempelfarbe nicht ausl\u00e4uft, wenn sie mit Wasserfarben, Tuschen auf Wasserbasis, Markern oder Perlmuttpigmenten \u00fcbermalt wird.<br \/>\nArchival Ink Stempelfarben sind wasserfest, schmieren und verbleichen nicht. Da sie s\u00e4urefrei sind, eignen sie sich auch f\u00fcr Scrapbooking.<\/p>\n<div class=\"fcbkbttn_buttons_block\" id=\"fcbkbttn_left\"><div class=\"fcbkbttn_button\">\n                            <a href=\"https:\/\/www.facebook.com\/jgdesign.ch\" target=\"_blank\">\n                                <img decoding=\"async\" src=\"https:\/\/jgdesign.ch\/store\/wp-content\/plugins\/facebook-button-plugin\/images\/standard-facebook-ico.png\" alt=\"Fb-Button\" \/>\n                            <\/a>\n                        <\/div><div class=\"fcbkbttn_like \"><fb:like href=\"https:\/\/jgdesign.ch\/store\/produkt\/archival-stempelkissen-jet-black\/\" action=\"like\" colorscheme=\"light\" layout=\"standard\"  width=\"450px\" size=\"small\"><\/fb:like><\/div><div class=\"fb-share-button  \" data-href=\"https:\/\/jgdesign.ch\/store\/produkt\/archival-stempelkissen-jet-black\/\" data-type=\"button_count\" data-size=\"small\"><\/div><\/div>","protected":false},"excerpt":{"rendered":"<p>Das Archival Ink Stempelkissen eignet sich vor allem f\u00fcr Stempelabdr\u00fccke mit feinen Linien und f\u00fcr glatte Oberfl\u00e4chen. Ideal auch zum coloriert der Stempelabdr\u00fccke, da die Stempelfarbe nicht ausl\u00e4uft, wenn sie mit Wasserfarben, Tuschen auf Wasserbasis, Markern oder Perlmuttpigmenten \u00fcbermalt wird. Archival Ink Stempelfarben sind wasserfest, schmieren und verbleichen nicht. Da sie s\u00e4urefrei sind, eignen sie [&hellip;]<\/p>\n","protected":false},"featured_media":578,"comment_status":"open","ping_status":"closed","template":"","meta":[],"product_cat":[194],"product_tag":[],"_links":{"self":[{"href":"https:\/\/jgdesign.ch\/store\/wp-json\/wp\/v2\/product\/590"}],"collection":[{"href":"https:\/\/jgdesign.ch\/store\/wp-json\/wp\/v2\/product"}],"about":[{"href":"https:\/\/jgdesign.ch\/store\/wp-json\/wp\/v2\/types\/product"}],"replies":[{"embeddable":true,"href":"https:\/\/jgdesign.ch\/store\/wp-json\/wp\/v2\/comments?post=590"}],"wp:featuredmedia":[{"embeddable":true,"href":"https:\/\/jgdesign.ch\/store\/wp-json\/wp\/v2\/media\/578"}],"wp:attachment":[{"href":"https:\/\/jgdesign.ch\/store\/wp-json\/wp\/v2\/media?parent=590"}],"wp:term":[{"taxonomy":"product_cat","embeddable":true,"href":"https:\/\/jgdesign.ch\/store\/wp-json\/wp\/v2\/product_cat?post=590"},{"taxonomy":"product_tag","embeddable":true,"href":"https:\/\/jgdesign.ch\/store\/wp-json\/wp\/v2\/product_tag?post=590"}],"curies":[{"name":"wp","href":"https:\/\/api.w.org\/{rel}","templated":true}]}}