{"id":5338,"date":"2010-12-17T13:33:19","date_gmt":"2010-12-17T12:33:19","guid":{"rendered":"https:\/\/jgdesign.ch\/store\/?product=weihnachts-kreise"},"modified":"2016-04-03T23:14:59","modified_gmt":"2016-04-03T22:14:59","slug":"weihnachts-kreise","status":"publish","type":"product","link":"https:\/\/jgdesign.ch\/store\/produkt\/weihnachts-kreise\/","title":{"rendered":"Weihnachts-Kreise"},"content":{"rendered":"<h1 style=\"text-align: center;\">Weihnachts-Kreise<\/h1>\n<p style=\"text-align: center;\"><a href=\"https:\/\/jgdesign.ch\/store\/wp-content\/uploads\/2015\/12\/weihnachtskreise.jpg\" rel=\"attachment wp-att-5341\"><img loading=\"lazy\" decoding=\"async\" class=\"alignnone size-medium wp-image-5341\" src=\"https:\/\/jgdesign.ch\/store\/wp-content\/uploads\/2015\/12\/weihnachtskreise-300x205.jpg\" alt=\"weihnachtskreise\" width=\"300\" height=\"205\" srcset=\"https:\/\/jgdesign.ch\/store\/wp-content\/uploads\/2015\/12\/weihnachtskreise-300x205.jpg 300w, https:\/\/jgdesign.ch\/store\/wp-content\/uploads\/2015\/12\/weihnachtskreise-416x284.jpg 416w, https:\/\/jgdesign.ch\/store\/wp-content\/uploads\/2015\/12\/weihnachtskreise.jpg 600w\" sizes=\"(max-width: 300px) 100vw, 300px\" \/><\/a><\/p>\n<p style=\"text-align: center;\">Heute wieder ein Geschenk f\u00fcr Euch: diese herzlichen PrintOuts.<br \/>\nGeschenkanh\u00e4nger, f\u00fcr auf eine Karte oder um die P\u00e4ckchen zu dekorieren.<\/p>\n<hr \/>\n<p>Und auch dieses Geschenk ist ausschliesslich f\u00fcr den privaten Gebrauch und es ist hiermit ausdr\u00fccklich untersagt diese zu kommerziellen Zwecken zu nutzen.<br \/>\nWenn du meine Geschenke nutzt, freue ich mich wenn ich dein Werk dazu auch sehen darf, wenn du dein Werk ins Netz stellst, w\u00fcnsche ich mir dass Du einen Link zu meiner Seite dazu schreibst und hier einen kurzen Kommentar, dass ich es mir ansehen kann.<\/p>\n<div class=\"fcbkbttn_buttons_block\" id=\"fcbkbttn_left\"><div class=\"fcbkbttn_button\">\n                            <a href=\"https:\/\/www.facebook.com\/jgdesign.ch\" target=\"_blank\">\n                                <img decoding=\"async\" src=\"https:\/\/jgdesign.ch\/store\/wp-content\/plugins\/facebook-button-plugin\/images\/standard-facebook-ico.png\" alt=\"Fb-Button\" \/>\n                            <\/a>\n                        <\/div><div class=\"fcbkbttn_like \"><fb:like href=\"https:\/\/jgdesign.ch\/store\/produkt\/weihnachts-kreise\/\" action=\"like\" colorscheme=\"light\" layout=\"standard\"  width=\"450px\" size=\"small\"><\/fb:like><\/div><div class=\"fb-share-button  \" data-href=\"https:\/\/jgdesign.ch\/store\/produkt\/weihnachts-kreise\/\" data-type=\"button_count\" data-size=\"small\"><\/div><\/div>","protected":false},"excerpt":{"rendered":"<p>Weihnachts-Kreise Heute wieder ein Geschenk f\u00fcr Euch: diese herzlichen PrintOuts. Geschenkanh\u00e4nger, f\u00fcr auf eine Karte oder um die P\u00e4ckchen zu dekorieren. Und auch dieses Geschenk ist ausschliesslich f\u00fcr den privaten Gebrauch und es ist hiermit ausdr\u00fccklich untersagt diese zu kommerziellen Zwecken zu nutzen. Wenn du meine Geschenke nutzt, freue ich mich wenn ich dein Werk [&hellip;]<\/p>\n","protected":false},"featured_media":5341,"comment_status":"open","ping_status":"closed","template":"","meta":[],"product_cat":[506,647],"product_tag":[],"_links":{"self":[{"href":"https:\/\/jgdesign.ch\/store\/wp-json\/wp\/v2\/product\/5338"}],"collection":[{"href":"https:\/\/jgdesign.ch\/store\/wp-json\/wp\/v2\/product"}],"about":[{"href":"https:\/\/jgdesign.ch\/store\/wp-json\/wp\/v2\/types\/product"}],"replies":[{"embeddable":true,"href":"https:\/\/jgdesign.ch\/store\/wp-json\/wp\/v2\/comments?post=5338"}],"wp:featuredmedia":[{"embeddable":true,"href":"https:\/\/jgdesign.ch\/store\/wp-json\/wp\/v2\/media\/5341"}],"wp:attachment":[{"href":"https:\/\/jgdesign.ch\/store\/wp-json\/wp\/v2\/media?parent=5338"}],"wp:term":[{"taxonomy":"product_cat","embeddable":true,"href":"https:\/\/jgdesign.ch\/store\/wp-json\/wp\/v2\/product_cat?post=5338"},{"taxonomy":"product_tag","embeddable":true,"href":"https:\/\/jgdesign.ch\/store\/wp-json\/wp\/v2\/product_tag?post=5338"}],"curies":[{"name":"wp","href":"https:\/\/api.w.org\/{rel}","templated":true}]}}