{"id":4463,"date":"2015-11-25T22:30:45","date_gmt":"2015-11-25T21:30:45","guid":{"rendered":"https:\/\/jgdesign.ch\/store\/?product=versamark-stempelkissen"},"modified":"2015-11-19T22:39:58","modified_gmt":"2015-11-19T21:39:58","slug":"versamark-stempelkissen","status":"publish","type":"product","link":"https:\/\/jgdesign.ch\/store\/produkt\/versamark-stempelkissen\/","title":{"rendered":"Versamark Stempelkissen"},"content":{"rendered":"<p>Das VersaMark- Stempelkissen ist ein mit durchsichtiger klebriger Fl\u00fcssigkeit getr\u00e4nktes Stempelkissen. Durch diese Klebrigkeit ist es Ideal f\u00fcr die Embossing-Technik. Es lassen sich aber noch viele andere tolle Effekte erzielen.<\/p>\n<p>[cvm_video id=&#8221;1462&#8243;]<\/p>\n<div class=\"fcbkbttn_buttons_block\" id=\"fcbkbttn_left\"><div class=\"fcbkbttn_button\">\n                            <a href=\"https:\/\/www.facebook.com\/jgdesign.ch\" target=\"_blank\">\n                                <img decoding=\"async\" src=\"https:\/\/jgdesign.ch\/store\/wp-content\/plugins\/facebook-button-plugin\/images\/standard-facebook-ico.png\" alt=\"Fb-Button\" \/>\n                            <\/a>\n                        <\/div><div class=\"fcbkbttn_like \"><fb:like href=\"https:\/\/jgdesign.ch\/store\/produkt\/versamark-stempelkissen\/\" action=\"like\" colorscheme=\"light\" layout=\"standard\"  width=\"450px\" size=\"small\"><\/fb:like><\/div><div class=\"fb-share-button  \" data-href=\"https:\/\/jgdesign.ch\/store\/produkt\/versamark-stempelkissen\/\" data-type=\"button_count\" data-size=\"small\"><\/div><\/div>","protected":false},"excerpt":{"rendered":"<p>Das VersaMark- Stempelkissen ist ein mit durchsichtiger klebriger Fl\u00fcssigkeit getr\u00e4nktes Stempelkissen. Durch diese Klebrigkeit ist es Ideal f\u00fcr die Embossing-Technik. Es lassen sich aber noch viele andere tolle Effekte erzielen. [cvm_video id=&#8221;1462&#8243;]<\/p>\n","protected":false},"featured_media":4526,"comment_status":"open","ping_status":"closed","template":"","meta":[],"product_cat":[194,199],"product_tag":[],"_links":{"self":[{"href":"https:\/\/jgdesign.ch\/store\/wp-json\/wp\/v2\/product\/4463"}],"collection":[{"href":"https:\/\/jgdesign.ch\/store\/wp-json\/wp\/v2\/product"}],"about":[{"href":"https:\/\/jgdesign.ch\/store\/wp-json\/wp\/v2\/types\/product"}],"replies":[{"embeddable":true,"href":"https:\/\/jgdesign.ch\/store\/wp-json\/wp\/v2\/comments?post=4463"}],"wp:featuredmedia":[{"embeddable":true,"href":"https:\/\/jgdesign.ch\/store\/wp-json\/wp\/v2\/media\/4526"}],"wp:attachment":[{"href":"https:\/\/jgdesign.ch\/store\/wp-json\/wp\/v2\/media?parent=4463"}],"wp:term":[{"taxonomy":"product_cat","embeddable":true,"href":"https:\/\/jgdesign.ch\/store\/wp-json\/wp\/v2\/product_cat?post=4463"},{"taxonomy":"product_tag","embeddable":true,"href":"https:\/\/jgdesign.ch\/store\/wp-json\/wp\/v2\/product_tag?post=4463"}],"curies":[{"name":"wp","href":"https:\/\/api.w.org\/{rel}","templated":true}]}}