{"id":4397,"date":"2015-11-25T22:18:48","date_gmt":"2015-11-25T21:18:48","guid":{"rendered":"https:\/\/jgdesign.ch\/store\/?product=memento-luxe-stempelkissen"},"modified":"2015-11-19T22:40:52","modified_gmt":"2015-11-19T21:40:52","slug":"memento-luxe-stempelkissen","status":"publish","type":"product","link":"https:\/\/jgdesign.ch\/store\/produkt\/memento-luxe-stempelkissen\/","title":{"rendered":"Memento Luxe Stempelkissen"},"content":{"rendered":"<p>Ein Pigment-Stempelkissen, Ideal f\u00fcr Mixed Media Projekte.<br \/>\nDie Pigmenttinte eignet sich f\u00fcr unterschiedliche Materialien und ist ideal f\u00fcr Papier, Stoff, Holz und Leder.<\/p>\n<p>Es liefert sch\u00f6ne Abdr\u00fccke auch auf dunklen Untergr\u00fcnden.<\/p>\n<p>Da sie s\u00e4urefrei sind, eignen sie sich auch f\u00fcr Scrapbooking.<\/p>\n<div class=\"fcbkbttn_buttons_block\" id=\"fcbkbttn_left\"><div class=\"fcbkbttn_button\">\n                            <a href=\"https:\/\/www.facebook.com\/jgdesign.ch\" target=\"_blank\">\n                                <img decoding=\"async\" src=\"https:\/\/jgdesign.ch\/store\/wp-content\/plugins\/facebook-button-plugin\/images\/standard-facebook-ico.png\" alt=\"Fb-Button\" \/>\n                            <\/a>\n                        <\/div><div class=\"fcbkbttn_like \"><fb:like href=\"https:\/\/jgdesign.ch\/store\/produkt\/memento-luxe-stempelkissen\/\" action=\"like\" colorscheme=\"light\" layout=\"standard\"  width=\"450px\" size=\"small\"><\/fb:like><\/div><div class=\"fb-share-button  \" data-href=\"https:\/\/jgdesign.ch\/store\/produkt\/memento-luxe-stempelkissen\/\" data-type=\"button_count\" data-size=\"small\"><\/div><\/div>","protected":false},"excerpt":{"rendered":"<p>Ein Pigment-Stempelkissen, Ideal f\u00fcr Mixed Media Projekte. Die Pigmenttinte eignet sich f\u00fcr unterschiedliche Materialien und ist ideal f\u00fcr Papier, Stoff, Holz und Leder. Es liefert sch\u00f6ne Abdr\u00fccke auch auf dunklen Untergr\u00fcnden. Da sie s\u00e4urefrei sind, eignen sie sich auch f\u00fcr Scrapbooking.<\/p>\n","protected":false},"featured_media":4457,"comment_status":"open","ping_status":"closed","template":"","meta":[],"product_cat":[194,199],"product_tag":[],"_links":{"self":[{"href":"https:\/\/jgdesign.ch\/store\/wp-json\/wp\/v2\/product\/4397"}],"collection":[{"href":"https:\/\/jgdesign.ch\/store\/wp-json\/wp\/v2\/product"}],"about":[{"href":"https:\/\/jgdesign.ch\/store\/wp-json\/wp\/v2\/types\/product"}],"replies":[{"embeddable":true,"href":"https:\/\/jgdesign.ch\/store\/wp-json\/wp\/v2\/comments?post=4397"}],"wp:featuredmedia":[{"embeddable":true,"href":"https:\/\/jgdesign.ch\/store\/wp-json\/wp\/v2\/media\/4457"}],"wp:attachment":[{"href":"https:\/\/jgdesign.ch\/store\/wp-json\/wp\/v2\/media?parent=4397"}],"wp:term":[{"taxonomy":"product_cat","embeddable":true,"href":"https:\/\/jgdesign.ch\/store\/wp-json\/wp\/v2\/product_cat?post=4397"},{"taxonomy":"product_tag","embeddable":true,"href":"https:\/\/jgdesign.ch\/store\/wp-json\/wp\/v2\/product_tag?post=4397"}],"curies":[{"name":"wp","href":"https:\/\/api.w.org\/{rel}","templated":true}]}}