{"id":3248,"date":"2015-11-10T17:55:51","date_gmt":"2015-11-10T16:55:51","guid":{"rendered":"https:\/\/jgdesign.ch\/store\/?product=printouts-geschenkanhaenger"},"modified":"2016-04-03T22:40:33","modified_gmt":"2016-04-03T21:40:33","slug":"printouts-geschenkanhaenger","status":"publish","type":"product","link":"https:\/\/jgdesign.ch\/store\/produkt\/printouts-geschenkanhaenger\/","title":{"rendered":"PrintOuts Geschenkanh\u00e4nger"},"content":{"rendered":"<p>Printouts f\u00fcr weihn\u00e4chtliche Geschenkanh\u00e4nger<br \/>\neine <a href=\"https:\/\/jgdesign.ch\/store\/?p=3200\" target=\"_blank\">bebilderte Anleitung<\/a> dazu findest Du im blog 2linkehaende.ch<\/p>\n<div class=\"fcbkbttn_buttons_block\" id=\"fcbkbttn_left\"><div class=\"fcbkbttn_button\">\n                            <a href=\"https:\/\/www.facebook.com\/jgdesign.ch\" target=\"_blank\">\n                                <img decoding=\"async\" src=\"https:\/\/jgdesign.ch\/store\/wp-content\/plugins\/facebook-button-plugin\/images\/standard-facebook-ico.png\" alt=\"Fb-Button\" \/>\n                            <\/a>\n                        <\/div><div class=\"fcbkbttn_like \"><fb:like href=\"https:\/\/jgdesign.ch\/store\/produkt\/printouts-geschenkanhaenger\/\" action=\"like\" colorscheme=\"light\" layout=\"standard\"  width=\"450px\" size=\"small\"><\/fb:like><\/div><div class=\"fb-share-button  \" data-href=\"https:\/\/jgdesign.ch\/store\/produkt\/printouts-geschenkanhaenger\/\" data-type=\"button_count\" data-size=\"small\"><\/div><\/div>","protected":false},"excerpt":{"rendered":"<p>Hier wird kein Artikel versandt.<br \/>\nNach dem Du die Kaufabwicklung, die jedoch nichts kostet, durchlaufen hast, erh\u00e4ltst du einen Downloadlink.<br \/>\nDu kannst die Datei ausdrucken und Du darfst das Album auch verschenken wie Du magst.<\/p>\n<p>Die Datei ist ausschliesslich f\u00fcr den privaten Gebrauch. M\u00f6chtest Du gerne Karten die Du mit dieser Datei erstellst verkaufen, so setze Dich bitte VORHER mit uns in Verbindung.<\/p>\n","protected":false},"featured_media":3203,"comment_status":"open","ping_status":"closed","template":"","meta":[],"product_cat":[506,647],"product_tag":[],"_links":{"self":[{"href":"https:\/\/jgdesign.ch\/store\/wp-json\/wp\/v2\/product\/3248"}],"collection":[{"href":"https:\/\/jgdesign.ch\/store\/wp-json\/wp\/v2\/product"}],"about":[{"href":"https:\/\/jgdesign.ch\/store\/wp-json\/wp\/v2\/types\/product"}],"replies":[{"embeddable":true,"href":"https:\/\/jgdesign.ch\/store\/wp-json\/wp\/v2\/comments?post=3248"}],"wp:featuredmedia":[{"embeddable":true,"href":"https:\/\/jgdesign.ch\/store\/wp-json\/wp\/v2\/media\/3203"}],"wp:attachment":[{"href":"https:\/\/jgdesign.ch\/store\/wp-json\/wp\/v2\/media?parent=3248"}],"wp:term":[{"taxonomy":"product_cat","embeddable":true,"href":"https:\/\/jgdesign.ch\/store\/wp-json\/wp\/v2\/product_cat?post=3248"},{"taxonomy":"product_tag","embeddable":true,"href":"https:\/\/jgdesign.ch\/store\/wp-json\/wp\/v2\/product_tag?post=3248"}],"curies":[{"name":"wp","href":"https:\/\/api.w.org\/{rel}","templated":true}]}}