{"id":227,"date":"2015-03-02T18:29:41","date_gmt":"2015-03-02T17:29:41","guid":{"rendered":"https:\/\/jgdesign.ch\/store\/?post_type=product&#038;p=227"},"modified":"2019-11-14T13:44:12","modified_gmt":"2019-11-14T12:44:12","slug":"dein-eigener-individueller-stempel","status":"publish","type":"product","link":"https:\/\/jgdesign.ch\/store\/produkt\/dein-eigener-individueller-stempel\/","title":{"rendered":"dein eigener individueller Stempel"},"content":{"rendered":"<p>m\u00f6chtest Du aus deinem Logo einen Stempel machen lassen? Oder hast du was tolles gezeichnet oder geschrieben und m\u00f6chtest daraus deinen eigenen einzigartigen Stempel machen lassen? kein Problem. Schick uns ein reines schwarz\/weiss Bild als png oder als vektorgrafik und wir machen dir einen Stempel daraus.<\/p>\n<p>Wenn Du technisch nicht so versiert bist melde dich bei uns shop@jgdesign.ch wir helfen gerne und machen die Bildbearbeitung zu einem g\u00fcnstigen Preis.<\/p>\n<div class=\"fcbkbttn_buttons_block\" id=\"fcbkbttn_left\"><div class=\"fcbkbttn_button\">\n                            <a href=\"https:\/\/www.facebook.com\/jgdesign.ch\" target=\"_blank\">\n                                <img decoding=\"async\" src=\"https:\/\/jgdesign.ch\/store\/wp-content\/plugins\/facebook-button-plugin\/images\/standard-facebook-ico.png\" alt=\"Fb-Button\" \/>\n                            <\/a>\n                        <\/div><div class=\"fcbkbttn_like \"><fb:like href=\"https:\/\/jgdesign.ch\/store\/produkt\/dein-eigener-individueller-stempel\/\" action=\"like\" colorscheme=\"light\" layout=\"standard\"  width=\"450px\" size=\"small\"><\/fb:like><\/div><div class=\"fb-share-button  \" data-href=\"https:\/\/jgdesign.ch\/store\/produkt\/dein-eigener-individueller-stempel\/\" data-type=\"button_count\" data-size=\"small\"><\/div><\/div>","protected":false},"excerpt":{"rendered":"<p>W\u00e4hle die Gr\u00f6sse deines Wunschstempels aus und sende uns dein Bild per mail als Antwort auf die Bestellbest\u00e4tigung, so k\u00f6nnen wir Bild und Bestellung am einfachsten zusammenf\u00fchren.<\/p>\n","protected":false},"featured_media":1076,"comment_status":"open","ping_status":"closed","template":"","meta":[],"product_cat":[52],"product_tag":[153,87,152,154],"_links":{"self":[{"href":"https:\/\/jgdesign.ch\/store\/wp-json\/wp\/v2\/product\/227"}],"collection":[{"href":"https:\/\/jgdesign.ch\/store\/wp-json\/wp\/v2\/product"}],"about":[{"href":"https:\/\/jgdesign.ch\/store\/wp-json\/wp\/v2\/types\/product"}],"replies":[{"embeddable":true,"href":"https:\/\/jgdesign.ch\/store\/wp-json\/wp\/v2\/comments?post=227"}],"wp:featuredmedia":[{"embeddable":true,"href":"https:\/\/jgdesign.ch\/store\/wp-json\/wp\/v2\/media\/1076"}],"wp:attachment":[{"href":"https:\/\/jgdesign.ch\/store\/wp-json\/wp\/v2\/media?parent=227"}],"wp:term":[{"taxonomy":"product_cat","embeddable":true,"href":"https:\/\/jgdesign.ch\/store\/wp-json\/wp\/v2\/product_cat?post=227"},{"taxonomy":"product_tag","embeddable":true,"href":"https:\/\/jgdesign.ch\/store\/wp-json\/wp\/v2\/product_tag?post=227"}],"curies":[{"name":"wp","href":"https:\/\/api.w.org\/{rel}","templated":true}]}}