{"id":1888,"date":"2015-11-04T21:51:57","date_gmt":"2015-11-04T20:51:57","guid":{"rendered":"https:\/\/jgdesign.ch\/store\/?product=ersatzstempelkissen-fuer-mobile-printy-4911"},"modified":"2015-11-04T21:55:43","modified_gmt":"2015-11-04T20:55:43","slug":"ersatzstempelkissen-fuer-mobile-printy-4911","status":"publish","type":"product","link":"https:\/\/jgdesign.ch\/store\/produkt\/ersatzstempelkissen-fuer-mobile-printy-4911\/","title":{"rendered":"Ersatzstempelkissen f\u00fcr Mobile Printy 4911"},"content":{"rendered":"<p>Mit der Verwendung von Trodat Austauschkissen k\u00f6nnen Sie sicher gehen, dass Ihre Stempel kontinuierlich gleichm\u00e4\u00dfige und saubere Abdrucke liefern. Sowohl das Kissenmaterial als auch die Farbe sind in jahrelanger Forschung immer weiter perfektioniert worden. Deshalb funktioniert ein Trodat Abdruck am kalten Polar genau so gut wie im tropischen Regenwald. Alle Trodat Standard-Stempelfarben sind dokumentenecht und garantieren so eine jahrzehntelange Haltbarkeit der Abdrucke!<\/p>\n<p>Die in den Trodat Austauschkissen verwendeten Farben trocknen nicht aus und sind v\u00f6llig ungiftig.<\/p>\n<div class=\"fcbkbttn_buttons_block\" id=\"fcbkbttn_left\"><div class=\"fcbkbttn_button\">\n                            <a href=\"https:\/\/www.facebook.com\/jgdesign.ch\" target=\"_blank\">\n                                <img decoding=\"async\" src=\"https:\/\/jgdesign.ch\/store\/wp-content\/plugins\/facebook-button-plugin\/images\/standard-facebook-ico.png\" alt=\"Fb-Button\" \/>\n                            <\/a>\n                        <\/div><div class=\"fcbkbttn_like \"><fb:like href=\"https:\/\/jgdesign.ch\/store\/produkt\/ersatzstempelkissen-fuer-mobile-printy-4911\/\" action=\"like\" colorscheme=\"light\" layout=\"standard\"  width=\"450px\" size=\"small\"><\/fb:like><\/div><div class=\"fb-share-button  \" data-href=\"https:\/\/jgdesign.ch\/store\/produkt\/ersatzstempelkissen-fuer-mobile-printy-4911\/\" data-type=\"button_count\" data-size=\"small\"><\/div><\/div>","protected":false},"excerpt":{"rendered":"<p>&nbsp;<\/p>\n<p>&nbsp;<\/p>\n","protected":false},"featured_media":1876,"comment_status":"open","ping_status":"closed","template":"","meta":[],"product_cat":[424,194],"product_tag":[],"_links":{"self":[{"href":"https:\/\/jgdesign.ch\/store\/wp-json\/wp\/v2\/product\/1888"}],"collection":[{"href":"https:\/\/jgdesign.ch\/store\/wp-json\/wp\/v2\/product"}],"about":[{"href":"https:\/\/jgdesign.ch\/store\/wp-json\/wp\/v2\/types\/product"}],"replies":[{"embeddable":true,"href":"https:\/\/jgdesign.ch\/store\/wp-json\/wp\/v2\/comments?post=1888"}],"wp:featuredmedia":[{"embeddable":true,"href":"https:\/\/jgdesign.ch\/store\/wp-json\/wp\/v2\/media\/1876"}],"wp:attachment":[{"href":"https:\/\/jgdesign.ch\/store\/wp-json\/wp\/v2\/media?parent=1888"}],"wp:term":[{"taxonomy":"product_cat","embeddable":true,"href":"https:\/\/jgdesign.ch\/store\/wp-json\/wp\/v2\/product_cat?post=1888"},{"taxonomy":"product_tag","embeddable":true,"href":"https:\/\/jgdesign.ch\/store\/wp-json\/wp\/v2\/product_tag?post=1888"}],"curies":[{"name":"wp","href":"https:\/\/api.w.org\/{rel}","templated":true}]}}