{"id":1713,"date":"2015-10-25T17:13:27","date_gmt":"2015-10-25T16:13:27","guid":{"rendered":"https:\/\/jgdesign.ch\/store\/?post_type=product&#038;p=1713"},"modified":"2015-10-25T17:13:27","modified_gmt":"2015-10-25T16:13:27","slug":"knopf","status":"publish","type":"product","link":"https:\/\/jgdesign.ch\/store\/produkt\/knopf\/","title":{"rendered":"Knopf"},"content":{"rendered":"<p>Gummistempel auf Holzgriff montiert<br \/>\nUnsere Lasergummistempel werden alle in unserem Hause gezeichnet, designt, erstellt und montiert.<\/p>\n<div class=\"fcbkbttn_buttons_block\" id=\"fcbkbttn_left\"><div class=\"fcbkbttn_button\">\n                            <a href=\"https:\/\/www.facebook.com\/jgdesign.ch\" target=\"_blank\">\n                                <img decoding=\"async\" src=\"https:\/\/jgdesign.ch\/store\/wp-content\/plugins\/facebook-button-plugin\/images\/standard-facebook-ico.png\" alt=\"Fb-Button\" \/>\n                            <\/a>\n                        <\/div><div class=\"fcbkbttn_like \"><fb:like href=\"https:\/\/jgdesign.ch\/store\/produkt\/knopf\/\" action=\"like\" colorscheme=\"light\" layout=\"standard\"  width=\"450px\" size=\"small\"><\/fb:like><\/div><div class=\"fb-share-button  \" data-href=\"https:\/\/jgdesign.ch\/store\/produkt\/knopf\/\" data-type=\"button_count\" data-size=\"small\"><\/div><\/div>","protected":false},"excerpt":{"rendered":"<p><strong>Bitte schreib uns in die Bemerkungen beim Bestellprozess, welchen Text du gerne bei diesem Stempel eingesetzt haben m\u00f6chtest.<\/strong><\/p>\n<p>Stempelgr\u00f6sse rund ca. 30mm. Auch andere Gr\u00f6ssen m\u00f6glich.<\/p>\n<p>Der Stempel ist auf einem Stempelgriff montiert.<\/p>\n","protected":false},"featured_media":1716,"comment_status":"open","ping_status":"closed","template":"","meta":[],"product_cat":[37,52],"product_tag":[],"_links":{"self":[{"href":"https:\/\/jgdesign.ch\/store\/wp-json\/wp\/v2\/product\/1713"}],"collection":[{"href":"https:\/\/jgdesign.ch\/store\/wp-json\/wp\/v2\/product"}],"about":[{"href":"https:\/\/jgdesign.ch\/store\/wp-json\/wp\/v2\/types\/product"}],"replies":[{"embeddable":true,"href":"https:\/\/jgdesign.ch\/store\/wp-json\/wp\/v2\/comments?post=1713"}],"wp:featuredmedia":[{"embeddable":true,"href":"https:\/\/jgdesign.ch\/store\/wp-json\/wp\/v2\/media\/1716"}],"wp:attachment":[{"href":"https:\/\/jgdesign.ch\/store\/wp-json\/wp\/v2\/media?parent=1713"}],"wp:term":[{"taxonomy":"product_cat","embeddable":true,"href":"https:\/\/jgdesign.ch\/store\/wp-json\/wp\/v2\/product_cat?post=1713"},{"taxonomy":"product_tag","embeddable":true,"href":"https:\/\/jgdesign.ch\/store\/wp-json\/wp\/v2\/product_tag?post=1713"}],"curies":[{"name":"wp","href":"https:\/\/api.w.org\/{rel}","templated":true}]}}