{"id":1642,"date":"2015-10-24T16:13:45","date_gmt":"2015-10-24T15:13:45","guid":{"rendered":"https:\/\/jgdesign.ch\/store\/?post_type=product&#038;p=1642"},"modified":"2016-05-03T17:20:59","modified_gmt":"2016-05-03T16:20:59","slug":"ministempel","status":"publish","type":"product","link":"https:\/\/jgdesign.ch\/store\/produkt\/ministempel\/","title":{"rendered":"Ministempel"},"content":{"rendered":"<p>die Ministempel haben einen Durchmesser von knapp 1cm und sind auf kleinen Spielfiguren montiert.<\/p>\n<p>W\u00e4hle ob du einen einzelnen Ministempel f\u00fcr Fr. 2.50 w\u00fcnschst oder\u00a0 3 St\u00fcck zum\u00a0Preis von Fr. 6.-<br \/>\ngib am Ende der Bestellung an, welche Motive du gerne m\u00f6chtest.<\/p>\n<div class=\"fcbkbttn_buttons_block\" id=\"fcbkbttn_left\"><div class=\"fcbkbttn_button\">\n                            <a href=\"https:\/\/www.facebook.com\/jgdesign.ch\" target=\"_blank\">\n                                <img decoding=\"async\" src=\"https:\/\/jgdesign.ch\/store\/wp-content\/plugins\/facebook-button-plugin\/images\/standard-facebook-ico.png\" alt=\"Fb-Button\" \/>\n                            <\/a>\n                        <\/div><div class=\"fcbkbttn_like \"><fb:like href=\"https:\/\/jgdesign.ch\/store\/produkt\/ministempel\/\" action=\"like\" colorscheme=\"light\" layout=\"standard\"  width=\"450px\" size=\"small\"><\/fb:like><\/div><div class=\"fb-share-button  \" data-href=\"https:\/\/jgdesign.ch\/store\/produkt\/ministempel\/\" data-type=\"button_count\" data-size=\"small\"><\/div><\/div>","protected":false},"excerpt":{"rendered":"<p>die Ministempel haben einen Durchmesser von knapp 1cm und sind auf kleinen Spielfiguren montiert. W\u00e4hle ob du einen einzelnen Ministempel f\u00fcr Fr. 2.50 w\u00fcnschst oder\u00a0 3 St\u00fcck zum\u00a0Preis von Fr. 6.- gib am Ende der Bestellung an, welche Motive du gerne m\u00f6chtest.<\/p>\n","protected":false},"featured_media":1652,"comment_status":"open","ping_status":"closed","template":"","meta":[],"product_cat":[203],"product_tag":[],"_links":{"self":[{"href":"https:\/\/jgdesign.ch\/store\/wp-json\/wp\/v2\/product\/1642"}],"collection":[{"href":"https:\/\/jgdesign.ch\/store\/wp-json\/wp\/v2\/product"}],"about":[{"href":"https:\/\/jgdesign.ch\/store\/wp-json\/wp\/v2\/types\/product"}],"replies":[{"embeddable":true,"href":"https:\/\/jgdesign.ch\/store\/wp-json\/wp\/v2\/comments?post=1642"}],"wp:featuredmedia":[{"embeddable":true,"href":"https:\/\/jgdesign.ch\/store\/wp-json\/wp\/v2\/media\/1652"}],"wp:attachment":[{"href":"https:\/\/jgdesign.ch\/store\/wp-json\/wp\/v2\/media?parent=1642"}],"wp:term":[{"taxonomy":"product_cat","embeddable":true,"href":"https:\/\/jgdesign.ch\/store\/wp-json\/wp\/v2\/product_cat?post=1642"},{"taxonomy":"product_tag","embeddable":true,"href":"https:\/\/jgdesign.ch\/store\/wp-json\/wp\/v2\/product_tag?post=1642"}],"curies":[{"name":"wp","href":"https:\/\/api.w.org\/{rel}","templated":true}]}}