{"id":98,"date":"2015-02-13T13:49:07","date_gmt":"2015-02-13T13:49:07","guid":{"rendered":"https:\/\/jgdesign.ch\/store\/?page_id=98"},"modified":"2015-12-10T13:22:10","modified_gmt":"2015-12-10T12:22:10","slug":"versandmethoden","status":"publish","type":"page","link":"https:\/\/jgdesign.ch\/store\/versandmethoden\/","title":{"rendered":"Versandmethoden"},"content":{"rendered":"<p><strong>Lieferung mit der Schweizer<\/strong><\/p>\n<p>Post per B-Post f\u00fcr eine Versandpauschale von CHF 8.-.<\/p>\n<p>&nbsp;<\/p>\n<p><strong>Lieferung nach Deutschland \/ \u00d6sterreich<\/strong><\/p>\n<p>in die benachbarten EU L\u00e4nder senden wir MWSt. frei<br \/>\nBitte beachte, dass in deinem Land je nach dem<strong> zus\u00e4tzliche Zoll und MWSt.<\/strong> Betr\u00e4ge f\u00e4llig werden k\u00f6nnen.<\/p>\n<p>wir liefern per B-Post. im System ist eine Versandpauschale von CHF 25.- angegeben. Dies gilt f\u00fcr Pakete bis 2 kg. Dieser Betrag wird manuell\u00a0nach unten korrigiert.<br \/>\nbis 100g Fr. 5.-<br \/>\nbis 250g Fr. 6.-<br \/>\nbis 500g Fr. 10.-<br \/>\nbis 1000g Fr. 14.-<br \/>\nbis 2kg Fr. 25.-<\/p>\n<p>Wenn anders gew\u00fcnscht bitte vorher kontaktieren.<\/p>\n<div class=\"fcbkbttn_buttons_block\" id=\"fcbkbttn_left\"><div class=\"fcbkbttn_button\">\n                            <a href=\"https:\/\/www.facebook.com\/jgdesign.ch\" target=\"_blank\">\n                                <img decoding=\"async\" src=\"https:\/\/jgdesign.ch\/store\/wp-content\/plugins\/facebook-button-plugin\/images\/standard-facebook-ico.png\" alt=\"Fb-Button\" \/>\n                            <\/a>\n                        <\/div><div class=\"fcbkbttn_like \"><fb:like href=\"https:\/\/jgdesign.ch\/store\/versandmethoden\/\" action=\"like\" colorscheme=\"light\" layout=\"standard\"  width=\"450px\" size=\"small\"><\/fb:like><\/div><div class=\"fb-share-button  \" data-href=\"https:\/\/jgdesign.ch\/store\/versandmethoden\/\" data-type=\"button_count\" data-size=\"small\"><\/div><\/div>","protected":false},"excerpt":{"rendered":"<p>Lieferung mit der Schweizer Post per B-Post f\u00fcr eine Versandpauschale von CHF 8.-. &nbsp; Lieferung nach Deutschland \/ \u00d6sterreich in die benachbarten EU L\u00e4nder senden wir MWSt. frei Bitte beachte, dass in deinem Land je nach dem zus\u00e4tzliche Zoll und MWSt. Betr\u00e4ge f\u00e4llig werden k\u00f6nnen. wir liefern per B-Post. im System ist eine Versandpauschale von [&hellip;]<\/p>\n","protected":false},"author":1,"featured_media":0,"parent":0,"menu_order":12,"comment_status":"closed","ping_status":"open","template":"","meta":{"footnotes":""},"_links":{"self":[{"href":"https:\/\/jgdesign.ch\/store\/wp-json\/wp\/v2\/pages\/98"}],"collection":[{"href":"https:\/\/jgdesign.ch\/store\/wp-json\/wp\/v2\/pages"}],"about":[{"href":"https:\/\/jgdesign.ch\/store\/wp-json\/wp\/v2\/types\/page"}],"author":[{"embeddable":true,"href":"https:\/\/jgdesign.ch\/store\/wp-json\/wp\/v2\/users\/1"}],"replies":[{"embeddable":true,"href":"https:\/\/jgdesign.ch\/store\/wp-json\/wp\/v2\/comments?post=98"}],"version-history":[{"count":5,"href":"https:\/\/jgdesign.ch\/store\/wp-json\/wp\/v2\/pages\/98\/revisions"}],"predecessor-version":[{"id":5236,"href":"https:\/\/jgdesign.ch\/store\/wp-json\/wp\/v2\/pages\/98\/revisions\/5236"}],"wp:attachment":[{"href":"https:\/\/jgdesign.ch\/store\/wp-json\/wp\/v2\/media?parent=98"}],"curies":[{"name":"wp","href":"https:\/\/api.w.org\/{rel}","templated":true}]}}