{"id":77,"date":"2015-02-13T12:17:05","date_gmt":"2015-02-13T12:17:05","guid":{"rendered":"https:\/\/jgdesign.ch\/store\/?page_id=77"},"modified":"2017-09-28T14:40:47","modified_gmt":"2017-09-28T13:40:47","slug":"shop","status":"publish","type":"page","link":"https:\/\/jgdesign.ch\/store\/shop\/","title":{"rendered":"Shop"},"content":{"rendered":"<h3>individualiserte Stempel<\/h3>\n<p>Unser Hauptanliegen sind\u00a0Deine Stempel. (Fast) alle Stempel\u00a0die Du im Shop siehst sind individualiserbar.\u00a0Das heisst Du kannst uns bei\u00a0allen Stempel Text\u00e4nderungs- oder Texterg\u00e4nzungs-W\u00fcnsche\u00a0mitteilen. Wir versuchen (fast) alle W\u00fcnsche umzusetzen.<\/p>\n<p>Wenn Du z.B. in deinem Dialekt ein Wort ein bisschen anders schreibst, oder neben dem Schiffchen lieber einen anderen Text h\u00e4ttest, kein Problem, wir werden die Stempel anpassen und Dir ein &#8220;Gut zum Druck&#8221; schicken.<\/p>\n<p>Es sollen keine W\u00fcnsche offen bleiben.<\/p>\n<p>Wir behalten uns das Recht vor, dies nach unserem Geschmack, unserer Moral oder unserem Rechts empfinden umzusetzen und distanzieren wir uns von obsz\u00f6nen, diskriminierenden etc. Aussagen.<\/p>\n<div class=\"fcbkbttn_buttons_block\" id=\"fcbkbttn_left\"><div class=\"fcbkbttn_button\">\n                            <a href=\"https:\/\/www.facebook.com\/jgdesign.ch\" target=\"_blank\">\n                                <img decoding=\"async\" src=\"https:\/\/jgdesign.ch\/store\/wp-content\/plugins\/facebook-button-plugin\/images\/standard-facebook-ico.png\" alt=\"Fb-Button\" \/>\n                            <\/a>\n                        <\/div><div class=\"fcbkbttn_like \"><fb:like href=\"https:\/\/jgdesign.ch\/store\/shop\/\" action=\"like\" colorscheme=\"light\" layout=\"standard\"  width=\"450px\" size=\"small\"><\/fb:like><\/div><div class=\"fb-share-button  \" data-href=\"https:\/\/jgdesign.ch\/store\/shop\/\" data-type=\"button_count\" data-size=\"small\"><\/div><\/div>","protected":false},"excerpt":{"rendered":"<p>individualiserte Stempel Unser Hauptanliegen sind\u00a0Deine Stempel. (Fast) alle Stempel\u00a0die Du im Shop siehst sind individualiserbar.\u00a0Das heisst Du kannst uns bei\u00a0allen Stempel Text\u00e4nderungs- oder Texterg\u00e4nzungs-W\u00fcnsche\u00a0mitteilen. Wir versuchen (fast) alle W\u00fcnsche umzusetzen. Wenn Du z.B. in deinem Dialekt ein Wort ein bisschen anders schreibst, oder neben dem Schiffchen lieber einen anderen Text h\u00e4ttest, kein Problem, wir werden [&hellip;]<\/p>\n","protected":false},"author":1,"featured_media":0,"parent":0,"menu_order":1,"comment_status":"closed","ping_status":"open","template":"","meta":{"footnotes":""},"_links":{"self":[{"href":"https:\/\/jgdesign.ch\/store\/wp-json\/wp\/v2\/pages\/77"}],"collection":[{"href":"https:\/\/jgdesign.ch\/store\/wp-json\/wp\/v2\/pages"}],"about":[{"href":"https:\/\/jgdesign.ch\/store\/wp-json\/wp\/v2\/types\/page"}],"author":[{"embeddable":true,"href":"https:\/\/jgdesign.ch\/store\/wp-json\/wp\/v2\/users\/1"}],"replies":[{"embeddable":true,"href":"https:\/\/jgdesign.ch\/store\/wp-json\/wp\/v2\/comments?post=77"}],"version-history":[{"count":12,"href":"https:\/\/jgdesign.ch\/store\/wp-json\/wp\/v2\/pages\/77\/revisions"}],"predecessor-version":[{"id":7773,"href":"https:\/\/jgdesign.ch\/store\/wp-json\/wp\/v2\/pages\/77\/revisions\/7773"}],"wp:attachment":[{"href":"https:\/\/jgdesign.ch\/store\/wp-json\/wp\/v2\/media?parent=77"}],"curies":[{"name":"wp","href":"https:\/\/api.w.org\/{rel}","templated":true}]}}