{"id":52,"date":"2015-01-01T21:56:00","date_gmt":"2015-01-01T21:56:00","guid":{"rendered":"https:\/\/jgdesign.ch\/store\/agbbb"},"modified":"2021-05-06T01:24:29","modified_gmt":"2021-05-06T00:24:29","slug":"agb","status":"publish","type":"page","link":"https:\/\/jgdesign.ch\/store\/agb\/","title":{"rendered":"AGB"},"content":{"rendered":"<h1>Allgemeine Gesch\u00e4ftsbedingungen<\/h1>\n<h2>Vertragspartner<\/h2>\n<p>Auf Grundlage dieser Allgemeinen Gesch\u00e4ftsbedingungen (AGB) kommt zwischen dem Kunden und<br \/>\nJG design GmbH<br \/>\nVertreten durch Gabriela Jordans<br \/>\nAdresse: Bruggerstrasse 9f, 5103 Wildegg<br \/>\nE-Mail-Adresse: shop@jgdesign.ch<\/p>\n<p>Handelsregister: Aargau<br \/>\nHandelsregisternummer: CH-400.4.037.965-7<br \/>\nUmsatzsteuer-Identifikationsnummer: CHE-138.530.264<br \/>\n, nachfolgend Anbieter genannt, der Vertrag zustande.<\/p>\n<h2>Vertragsgegenstand<\/h2>\n<p>Durch diesen Vertrag wird der Verkauf von neue Waren und Dienstleistungen aus dem Bereich\/den Bereichen Individualisierte Motiv- und Schriftstempel \u00fcber den Online-Shop des Anbieters geregelt. Wegen der Details des jeweiligen Angebotes wird auf die Produktbeschreibung der Angebotsseite verwiesen.<\/p>\n<p><b>Urheberrecht<br \/>\n<\/b> Alle bei JGdesign.ch dargestellten Inhalte, Text- und Bildmaterialien sowie die Designs (insbesondere Stempel) sind \u00adgeistiges Eigentum von JGdesgin.ch und urheberrechtlich gesch\u00fctzt. Die Vervielf\u00e4ltigung, Verteilung und Ver\u00f6ffentlichung ist untersagt. Jede Verwendung wird strafrechtlich verfolgt. Der Kunde versichert, dass er die Rechte zur Nutzung, Weitergabe und Ver\u00f6ffentlichung der von ihm \u00fcbertragenen Daten (Texte und Bilder) besitzt.<\/p>\n<p>Der Kunde erwirbt mit dem Kauf eines Stempels kein exklusives Nutzungsrecht an der erstellten Grafik.<br \/>\nS\u00e4mtliche von JGdesign GmbH erstellten\u00a0Designs, k\u00f6nnen mehrfach angeboten und verkauft werden.<br \/>\nGrafiken die von JGdesign.ch f\u00fcr den Kunden f\u00fcr z.B. eines Stempels erstellt werden, d\u00fcrfen nicht zu anderen Zwecken. z.B. Logos, Titelbilder oder Profilbilder, Visitenkarten etc. genutzt werden, wenn nicht auch die Nutzungsrechte an den Grafiken erworben wurde.\u00a0 Jede Verwendung wird strafrechtlich verfolgt.<\/p>\n<h2>Vertragsschluss<\/h2>\n<p>Der Vertrag kommt ausschlie\u00dflich im elektronischen Gesch\u00e4ftsverkehr \u00fcber das Shop-System zustande. Dabei stellen die dargestellten Angebote eine unverbindliche Aufforderung zur Abgabe eines Angebots durch die Kundenbestellung dar, das der Anbieter dann annehmen kann. Der Bestellvorgang zum Vertragsschluss umfasst im Shop-System folgende Schritte:<\/p>\n<ul>\n<li>Auswahl des Angebots in der gew\u00fcnschten Spezifikation (Gr\u00f6\u00dfe, Farbe, Anzahl)<\/li>\n<li>Einlegen des Angebots in den Warenkorb<\/li>\n<li>Bet\u00e4tigen des Buttons &#8216;bestellen&#8217;<\/li>\n<li>Eingabe der Rechnungs- und Lieferadresse<\/li>\n<li>Auswahl der Bezahlmethode<\/li>\n<li>\u00dcberpr\u00fcfung und Bearbeitung der Bestellung und aller Eingaben<\/li>\n<li>Bet\u00e4tigen des Buttons &#8216;kostenpflichtig bestellen&#8217;<\/li>\n<li>Best\u00e4tigungsmail, dass Bestellung eingegangen ist<\/li>\n<\/ul>\n<p>Mit der Zusendung der Bestellbest\u00e4tigung kommt der Vertrag zustande.<\/p>\n<h2>Vertragsdauer<\/h2>\n<p>Der Vertrag wird auf unbestimmte Zeit geschlossen.<\/p>\n<h2>Vorbehalte<\/h2>\n<p>Der Anbieter beh\u00e4lt sich vor, im Falle der Nichtverf\u00fcgbarkeit der versprochenen Leistung diese nicht zu erbringen.<\/p>\n<h2>Preise, Versandkosten, R\u00fccksendekosten<\/h2>\n<p>Alle Preise sind Endpreise und enthalten die gesetzliche Umsatzsteuer. Neben den Endpreisen fallen je nach Versandart weitere Kosten an, die vor Versendung der Bestellung angezeigt werden. Besteht ein Widerrufsrecht und wird von diesem Gebraucht gemacht, tr\u00e4gt der Kunde die Kosten der R\u00fccksendung.<\/p>\n<h2>Zahlungsbedingungen<\/h2>\n<p>Der Kunde hat ausschlie\u00dflich folgende M\u00f6glichkeiten zur Zahlung: Vorab\u00fcberweisung, Zahlungsdienstleister (PayPal), Barzahlung bei Abholung. Weitere Zahlungsarten werden nicht angeboten und werden zur\u00fcckgewiesen.<br \/>\nDer Rechnungsbetrag ist nach Zugang der Rechnung, die alle Angaben f\u00fcr die \u00dcberweisung enth\u00e4lt und mit E-Mail verschickt wird, auf das dort angegebene Konto vorab zu \u00fcberweisen. Bei Verwendung eines Treuhandservice\/ Zahlungsdienstleisters erm\u00f6glicht es dieser dem Anbieter und Kunden, die Zahlung untereinander abzuwickeln. Dabei leitet der Treuhandservice\/ Zahlungsdienstleister die Zahlung des Kunden an den Anbieter weiter. Weitere Informationen erhalten Sie auf der Internetseite des jeweiligen Treuhandservices\/ Zahlungsdienstleisters. Der Rechnungsbetrag kann auch unter Abzug der in Ansatz gebrachten Versandkosten in den Gesch\u00e4ftsr\u00e4umen des Anbieters zu den \u00fcblichen B\u00fcrozeiten in bar gezahlt werden. Der Kunde ist verpflichtet innerhalb von 14 Tagen nach Erhalt der Rechnung den ausgewiesenen Betrag auf das auf der Rechnung angegebene Konto einzuzahlen oder zu \u00fcberweisen. Die Zahlung ist ab Rechnungsdatum ohne Abzug f\u00e4llig. Der Kunde kommt erst nach Mahnung in Verzug. Ein Zur\u00fcckbehaltungsrecht des Kunden, welches nicht auf demselben Vertragsverh\u00e4ltnis beruht, wird ausgeschlossen. Die Aufrechnung mit Forderungen des Kunden ist ausgeschlossen, es sei denn diese sind unbestritten oder rechtskr\u00e4ftig festgestellt.<\/p>\n<h2>Lieferbedingungen<\/h2>\n<p>Die Ware wird umgehend nach best\u00e4tigtem Zahlungseingang produziert und schnellstm\u00f6glich versandt. Der Versand erfolgt durchschnittlich nach 5 Tagen. Der Unternehmer verpflichtet sich zur Lieferung am 14 Tag nach Bestelleingang. Die Regellieferzeit betr\u00e4gt\u00a07 Tage, wenn in der Artikelbeschreibung nichts anderes angegeben ist. Der Anbieter versendet die Bestellung aus eigenem Lager, sobald die gesamte Bestellung dort vorr\u00e4tig ist. Hat der Anbieter ein dauerhaftes Lieferhindernis, insbesondere h\u00f6here Gewalt oder Nichtbelieferung durch eigenen Lieferanten, obwohl rechtzeitig ein entsprechendes Deckungsgesch\u00e4ft get\u00e4tigt wurde, nicht zu vertreten, so hat der Anbieter das Recht, insoweit von einem Vertrag mit dem Kunden zur\u00fcckzutreten. Der Kunde wird dar\u00fcber unverz\u00fcglich informiert und empfangene Leistungen, insbesondere Zahlungen, zur\u00fcckerstattet.<\/p>\n<h2>Gew\u00e4hrleistung<\/h2>\n<p>Dem Anbieter wird zuerkannt, dass er bei einer Nacherf\u00fcllung selbst zwischen Reparatur oder Neulieferung w\u00e4hlen kann, wenn es sich bei der Ware um Neuware handelt und der Kunde Unternehmer ist. Dies gilt nicht f\u00fcr Schadensersatzanspr\u00fcche des Kunden wegen Verletzung des Lebens, des K\u00f6rpers, der Gesundheit oder wesentlicher Vertragspflichten, welche zur Erreichung des Vertragszieles notwendigerweise erf\u00fcllt werden m\u00fcssen. Ebenso gilt dies nicht f\u00fcr Schadensersatzanspr\u00fcche nach grob fahrl\u00e4ssiger oder vors\u00e4tzlicher Pflichtverletzung des Anbieters oder seines gesetzlichen Vertreters oder Erf\u00fcllungsgehilfen. Im \u00dcbrigen gelten die gesetzlichen Regelungen.<\/p>\n<h2>Vertragsgestaltung<\/h2>\n<p>Ist der Kunde Unternehmer, so geht die Gefahr des zuf\u00e4lligen Untergangs und\/ oder der zuf\u00e4lligen Verschlechterung der Ware mit der \u00dcbergabe, bei Versendung mit der Auslieferung der Ware an den ausgew\u00e4hlten Dienstleister hierf\u00fcr auf den Kunden \u00fcber. Der Vertragstext wird vom Anbieter gespeichert. Der Kunde hat folgende M\u00f6glichkeit auf den gespeicherten Vertragstext zuzugreifen: einloggen. Dieser Bereich findet sich auf folgender Seite: Benutzerkonto. Der Kunde kann Fehler in der Eingabe w\u00e4hrend des Bestellvorganges korrigieren. Hierzu kann er folgenderma\u00dfen vorgehen: korrigieren.<\/p>\n<h2>Widerrufsrecht und Kundendienst<\/h2>\n<p><b>Widerrufsbelehrung<\/b><\/p>\n<p>Widerrufsrecht<\/p>\n<p>Sie haben das Recht, binnen vierzehn Tagen ohne Angabe von Gr\u00fcnden diesen Vertrag zu widerrufen. Vorausgesetz die Ware wurde nicht speziell f\u00fcr sie angefertigt.<\/p>\n<p>Die Widerrufsfrist betr\u00e4gt vierzehn Tage ab dem Tag,<\/p>\n<ul>\n<li><b>Im Falle eines Kaufvertrags: an dem Sie oder ein von Ihnen benannter Dritter, der nicht der Bef\u00f6rderer ist, die letzte Ware in Besitz genommen haben bzw. hat.<\/b><\/li>\n<li><b>Im Falle einer Vertrags \u00fcber mehrere Waren, die der Verbraucher im Rahmen einer einheitlichen Bestellung bestellt hat und die getrennt geliefert werden: an dem Sie oder ein von Ihnen benannter Dritter, der nicht Bef\u00f6rderer ist, die letzte Ware in Besitz genommen haben bzw. hat.<\/b><\/li>\n<li><b>Im Falle eines Vertrags \u00fcber die Lieferung einer Ware in mehreren Teilsendungen oder St\u00fccken: an dem Sie oder ein von Ihnen benannter Dritter, der nicht Bef\u00f6rderer ist, die letzte Teilsendung oder das letzte St\u00fcck in Besitz genommen haben bzw. hat.<\/b><\/li>\n<li><b>Im Falle eines Vertrages zur regelm\u00e4\u00dfigen Lieferung von Waren \u00fcber einen festgelegten Zeitraum hinweg: an dem Sie oder ein von Ihnen benannter Dritter, der nicht Bef\u00f6rderer ist, die erste Ware in Besitz genommen haben bzw. hat.<\/b><\/li>\n<\/ul>\n<p><b>Beim Zusammentreffen mehrerer Alternativen ist der jeweils letzte Zeitpunkt ma\u00dfgeblich.<\/b><\/p>\n<p>Um Ihr Widerrufsrecht auszu\u00fcben, m\u00fcssen Sie uns (JG design GmbH, Gabriela Jordans, Bruggerstrasse 9f, 5103 Wildegg, shop@jgdesign.ch) mittels einer eindeutigen Erkl\u00e4rung (z.B. ein mit der Post versandter Brief, oder E-Mail) \u00fcber Ihren Entschluss, diesen Vertrag zu widerrufen, informieren. Sie k\u00f6nnen daf\u00fcr das beigef\u00fcgte Muster-Widerrufsformular verwenden, das jedoch nicht vorgeschrieben ist.<\/p>\n<p>Zur Wahrung der Widerrufsfrist reicht es aus, dass Sie die Mitteilung \u00fcber die Aus\u00fcbung des Widerrufsrechts vor Ablauf der Widerrufsfrist absenden.<\/p>\n<p>Folgen des Widerrufs<\/p>\n<p>Wenn Sie diesen Vertag widerrufen, haben wir Ihnen alle Zahlungen, die wir von Ihnen erhalten haben, einschlie\u00dflich der Lieferkosten (mit Ausnahmen der zus\u00e4tzlichen Kosten, die sich daraus ergeben, dass Sie einer andere Art der Lieferung als die von uns angebotene, g\u00fcnstige Standardlieferung gew\u00e4hlt haben), unverz\u00fcglich und sp\u00e4testens binnen vierzehn Tagen ab dem Tag zur\u00fcckzuzahlen, an dem die Mitteilung \u00fcber Ihren Widerruf dieses Vertrags bei uns eingegangen ist. F\u00fcr diese R\u00fcckzahlung verwenden wir dasselbe Zahlungsmittel, das Sie bei der urspr\u00fcnglichen Transaktion eingesetzt haben, es sei denn, mit Ihnen wurde ausdr\u00fccklich etwas anderes vereinbart; in keinem Fall werden Ihnen wegen dieser R\u00fcckzahlung Entgelte berechnet. Wir k\u00f6nnen die R\u00fcckzahlung verweigern, bis wir die Waren wieder zur\u00fcckerhalten haben oder bis Sie den Nachweis erbracht haben, dass Sie die Waren zur\u00fcckgesandt haben, je nachdem, welches der fr\u00fchere Zeitpunkt ist.<\/p>\n<p>Sie haben die Waren unverz\u00fcglich und in jedem Fall sp\u00e4testens binnen vierzehn Tagen ab dem Tag, an dem Sie uns \u00fcber den Widerruf dieses Vertrags unterrichten, an JG design GmbH, Gabriela Jordans, Bruggerstrasse 9f, 5103 Wildegg shop@jgdesign.ch uns zur\u00fcckzusenden oder zu \u00fcbergeben. Die Frist ist gewahrt, wenn Sie die Waren vor Ablauf der Frist von vierzehn Tagen absenden.<\/p>\n<p>Sie tragen die unmittelbaren Kosten der R\u00fccksendung der Waren.<\/p>\n<p>Sie m\u00fcssen f\u00fcr einen etwaigen Wertverlust der Waren nur aufkommen, wenn dieser Wertverlust auf einen zur Pr\u00fcfung der Beschaffenheit, Eigenschaften und Funktionsweise der Waren nicht notwendigen Umgang mit ihnen zur\u00fcckzuf\u00fchren ist.<\/p>\n<p>Ende der Widerrufsbelehrung<\/p>\n<ul>Sie erreichen unseren Kundendienst via\u00a0Email: shop@jgdesign.ch (Antwort innerhalb 48 Stunden.)<\/ul>\n<h2>Haftungsausschluss<\/h2>\n<ul>Schadensersatzanspr\u00fcche des Kunden sind ausgeschlossen, soweit sich aus den nachfolgenden Gr\u00fcnden nicht etwas anderes ergibt. Dies gilt auch f\u00fcr den Vertreter und Erf\u00fcllungsgehilfen des Anbieters, falls der Kunde gegen diese Anspr\u00fcche auf Schadensersatz erhebt. Ausgenommen sind Schadensersatzanspr\u00fcche des Kunden wegen Verletzung des Lebens, des K\u00f6rpers, der Gesundheit oder wesentlicher Vertragspflichten, welche zur Erreichung des Vertragszieles notwendigerweise erf\u00fcllt werden m\u00fcssen. Ebenso gilt dies nicht f\u00fcr Schadensersatzanspr\u00fcche nach grob fahrl\u00e4ssiger oder vors\u00e4tzlicher Pflichtverletzung des Anbieters oder seines gesetzlichen Vertreters oder Erf\u00fcllungsgehilfen.<\/ul>\n<h2>Abtretungs- und Verpf\u00e4ndungsverbot<\/h2>\n<ul>Anspr\u00fcche oder Rechte des Kunden gegen den Anbieter d\u00fcrfen ohne dessen Zustimmung nicht abgetreten oder verpf\u00e4ndet werden, es sei denn der Kunde hat ein berechtigtes Interesse an der Abtretung oder Verpf\u00e4ndung nachgewiesen.<\/ul>\n<h2>Sprache, Gerichtsstand und anzuwendendes Recht<\/h2>\n<ul>Der Vertrag wird in Deutsch abgefasst. Die weitere Durchf\u00fchrung der Vertragsbeziehung erfolgt in Deutsch. Es findet ausschlie\u00dflich das schweizer Recht Anwendung. F\u00fcr Verbraucher gilt dies nur insoweit, als dadurch keine gesetzlichen Bestimmungen des Staates eingeschr\u00e4nkt werden, in dem der Kunde seinen Wohnsitz oder gew\u00f6hnlichen Aufenthalt hat. Gerichtsstand ist bei Streitigkeiten mit Kunden, die kein Verbraucher, juristische Person des \u00f6ffentlichen Rechts oder \u00f6ffentlich-rechtliches Sonderverm\u00f6gen sind, Sitz des Anbieters.<\/ul>\n<h2>Datenschutz<\/h2>\n<ul>Im Zusammenhang mit der Anbahnung, Abschluss, Abwicklung und R\u00fcckabwicklung eines Kaufvertrages auf Grundlage dieser AGB werden vom Anbieter Daten erhoben, gespeichert und verarbeitet. Dies geschieht im Rahmen der gesetzlichen Bestimmungen. Der Anbieter gibt keine personenbezogenen Daten des Kunden an Dritte weiter, es sei denn, dass er hierzu gesetzlich verpflichtet w\u00e4re oder der Kunde vorher ausdr\u00fccklich eingewilligt hat. Wird ein Dritter f\u00fcr Dienstleistungen im Zusammenhang mit der Abwicklung von Verarbeitungsprozessen eingesetzt, so werden die Bestimmungen des Bundesdatenschutzgesetzes eingehalten. Die vom Kunden im Wege der Bestellung mitgeteilten Daten werden ausschlie\u00dflich zur Kontaktaufnahme innerhalb des Rahmens der Vertragsabwicklung und nur zu dem Zweck verarbeitet, zu dem der Kunde die Daten zur Verf\u00fcgung gestellt hat. Die Daten werden nur soweit notwendig an das Versandunternehmen, das die Lieferung der Ware auftragsgem\u00e4\u00df \u00fcbernimmt, weitergegeben. Die Zahlungsdaten werden an das mit der Zahlung beauftragte Kreditinstitut weitergegeben. Soweit den Anbieter Aufbewahrungsfristen handels- oder steuerrechtlicher Natur treffen, kann die Speicherung einiger Daten bis zu zehn Jahre dauern. W\u00e4hrend des Besuchs im Internet-Shop des Anbieters werden anonymisierte Daten, die keine R\u00fcckschl\u00fcssen auf personenbezogene Daten zulassen und auch nicht beabsichtigen, insbesondere IP-Adresse, Datum, Uhrzeit, Browsertyp, Betriebssystem und besuchte Seiten, protokolliert. Auf Wunsch des Kunden werden im Rahmen der gesetzlichen Bestimmungen die personenbezogenen Daten gel\u00f6scht, korrigiert oder gesperrt. Eine unentgeltliche Auskunft \u00fcber alle personenbezogenen Daten des Kunden ist m\u00f6glich. F\u00fcr Fragen und Antr\u00e4ge auf L\u00f6schung, Korrektur oder Sperrung personenbezogener Daten sowie Erhebung, Verarbeitung und Nutzung kann sich der Kunde an folgende Adresse wenden: JG design GmbH, Gabriela Jordans, Bruggerstrasse 9f, 5103 Wildegg. shop@jgdesign.ch.<\/ul>\n<h2>Salvatorische Klausel<\/h2>\n<ul>Die Unwirksamkeit einer Bestimmung dieser AGB hat keine Auswirkungen auf die Wirksamkeit der sonstigen Bestimmungen.<\/ul>\n<p>[gzd_complaints]<\/p>\n<div class=\"fcbkbttn_buttons_block\" id=\"fcbkbttn_left\"><div class=\"fcbkbttn_button\">\n                            <a href=\"https:\/\/www.facebook.com\/jgdesign.ch\" target=\"_blank\">\n                                <img decoding=\"async\" src=\"https:\/\/jgdesign.ch\/store\/wp-content\/plugins\/facebook-button-plugin\/images\/standard-facebook-ico.png\" alt=\"Fb-Button\" \/>\n                            <\/a>\n                        <\/div><div class=\"fcbkbttn_like \"><fb:like href=\"https:\/\/jgdesign.ch\/store\/agb\/\" action=\"like\" colorscheme=\"light\" layout=\"standard\"  width=\"450px\" size=\"small\"><\/fb:like><\/div><div class=\"fb-share-button  \" data-href=\"https:\/\/jgdesign.ch\/store\/agb\/\" data-type=\"button_count\" data-size=\"small\"><\/div><\/div>","protected":false},"excerpt":{"rendered":"<p>Allgemeine Gesch\u00e4ftsbedingungen Vertragspartner Auf Grundlage dieser Allgemeinen Gesch\u00e4ftsbedingungen (AGB) kommt zwischen dem Kunden und JG design GmbH Vertreten durch Gabriela Jordans Adresse: Bruggerstrasse 9f, 5103 Wildegg E-Mail-Adresse: shop@jgdesign.ch Handelsregister: Aargau Handelsregisternummer: CH-400.4.037.965-7 Umsatzsteuer-Identifikationsnummer: CHE-138.530.264 , nachfolgend Anbieter genannt, der Vertrag zustande. Vertragsgegenstand Durch diesen Vertrag wird der Verkauf von neue Waren und Dienstleistungen aus dem [&hellip;]<\/p>\n","protected":false},"author":1,"featured_media":0,"parent":0,"menu_order":4,"comment_status":"closed","ping_status":"closed","template":"","meta":{"footnotes":""},"_links":{"self":[{"href":"https:\/\/jgdesign.ch\/store\/wp-json\/wp\/v2\/pages\/52"}],"collection":[{"href":"https:\/\/jgdesign.ch\/store\/wp-json\/wp\/v2\/pages"}],"about":[{"href":"https:\/\/jgdesign.ch\/store\/wp-json\/wp\/v2\/types\/page"}],"author":[{"embeddable":true,"href":"https:\/\/jgdesign.ch\/store\/wp-json\/wp\/v2\/users\/1"}],"replies":[{"embeddable":true,"href":"https:\/\/jgdesign.ch\/store\/wp-json\/wp\/v2\/comments?post=52"}],"version-history":[{"count":12,"href":"https:\/\/jgdesign.ch\/store\/wp-json\/wp\/v2\/pages\/52\/revisions"}],"predecessor-version":[{"id":8320,"href":"https:\/\/jgdesign.ch\/store\/wp-json\/wp\/v2\/pages\/52\/revisions\/8320"}],"wp:attachment":[{"href":"https:\/\/jgdesign.ch\/store\/wp-json\/wp\/v2\/media?parent=52"}],"curies":[{"name":"wp","href":"https:\/\/api.w.org\/{rel}","templated":true}]}}